{"id":5550,"date":"2016-12-03T15:08:37","date_gmt":"2016-12-03T15:08:37","guid":{"rendered":"http:\/\/demo.wpzoom.com\/inspiro\/?page_id=5550"},"modified":"2025-02-09T22:58:17","modified_gmt":"2025-02-09T22:58:17","slug":"homepage-2","status":"publish","type":"page","link":"https:\/\/www.create.uevora.pt\/","title":{"rendered":"Homepage"},"content":{"rendered":"\t\t<div data-elementor-type=\"wp-page\" data-elementor-id=\"5550\" class=\"elementor elementor-5550\">\n\t\t\t\t<div class=\"elementor-element elementor-element-0f55995 e-con-full e-flex e-con e-parent\" data-id=\"0f55995\" data-element_type=\"container\">\n\t\t\t\t<div class=\"elementor-element elementor-element-a309d0d elementor-widget elementor-widget-heading\" data-id=\"a309d0d\" data-element_type=\"widget\" data-widget_type=\"heading.default\">\n\t\t\t\t<div class=\"elementor-widget-container\">\n\t\t\t<style>\/*! elementor - v3.21.0 - 26-05-2024 *\/\n.elementor-heading-title{padding:0;margin:0;line-height:1}.elementor-widget-heading .elementor-heading-title[class*=elementor-size-]>a{color:inherit;font-size:inherit;line-height:inherit}.elementor-widget-heading .elementor-heading-title.elementor-size-small{font-size:15px}.elementor-widget-heading .elementor-heading-title.elementor-size-medium{font-size:19px}.elementor-widget-heading .elementor-heading-title.elementor-size-large{font-size:29px}.elementor-widget-heading .elementor-heading-title.elementor-size-xl{font-size:39px}.elementor-widget-heading .elementor-heading-title.elementor-size-xxl{font-size:59px}<\/style><h2 class=\"elementor-heading-title elementor-size-default\"><br>Latest News and Events<\/h2>\t\t<\/div>\n\t\t\t\t<\/div>\n\t\t\t\t<\/div>\n\t\t<div class=\"elementor-element elementor-element-8d78fd3 e-grid e-con-boxed e-con e-parent\" data-id=\"8d78fd3\" data-element_type=\"container\">\n\t\t\t\t\t<div class=\"e-con-inner\">\n\t\t\t\t<div class=\"elementor-element elementor-element-1164b60 elementor-widget elementor-widget-tp-blog-listout\" data-id=\"1164b60\" data-element_type=\"widget\" data-widget_type=\"tp-blog-listout.default\">\n\t\t\t\t<div class=\"elementor-widget-container\">\n\t\t\t<div id=\"pt-plus-blog-post-list\" class=\"blog-list post69ec82b611aff  list-isotope  blog-style-1 hover-image-style-1 \"  data-layout-type=\"fitRows\"   data-id=\"post69ec82b611aff\" data-style=\"style-1\"  data-enable-isotope=\"1\"><div id=\"post69ec82b611aff\" class=\"tp-row post-inner-loop post69ec82b611aff \"><div class=\"grid-item metro-item tp-col-lg-12 tp-col-md-12 tp-col-sm-12 tp-col-12 \"><article id=\"post-11549\" class=\"post-11549 post type-post status-publish format-standard has-post-thumbnail hentry category-uncategorized\">\r\n\t<div class=\"blog-list-content\">\r\n\t\t\t\t<div class=\"post-content-image\">\r\n\t\t\t<a href=\"https:\/\/www.create.uevora.pt\/index.php\/2026\/02\/23\/provas-publicas-de-doutoramento-7\/\">\r\n\t\t\t\t<div class=\"blog-featured-image\">\r\n<span class=\"thumb-wrap\">\r\n\t<img fetchpriority=\"high\" decoding=\"async\" width=\"700\" height=\"700\" src=\"https:\/\/www.create.uevora.pt\/wp-content\/uploads\/2026\/03\/WhatsApp-Image-2026-03-05-at-8.55.58-PM-700x700.jpeg\" class=\"attachment-tp-image-grid size-tp-image-grid\" alt=\"\" \/><\/span>\r\n<\/div>\r\n\t\t\t<\/a>\r\n\t\t<\/div>\r\n\t\t\t\t<div class=\"post-content-bottom\">\r\n\t\t\t\t\t\t\t<div class=\"post-meta-info style-1\">\r\n\t\t\t\t\t<span class=\"meta-date\"><a href=\"https:\/\/www.create.uevora.pt\/index.php\/2026\/02\/23\/provas-publicas-de-doutoramento-7\/\"><span class=\"entry-date\">February 23, 2026<\/span><\/a><\/span>\r\n<\/a><\/span>\r\n\t\t\t\t\t<span>|<\/span> <span class=\"post-author\">\r\n\t\t\t\t\t\tBy  \r\n\t\t\t\t\t\t<a href=\"https:\/\/www.create.uevora.pt\/index.php\/author\/create\/\" rel=\"author\" class=\"fn\">\r\n\t\t\t\t\t\tcreate\t\t\t<\/a><\/span>\r\n\t\t\t\t<\/div>\r\n\t\t\t\t<h3 class=\"post-title\">\r\n\t<a href=\"https:\/\/www.create.uevora.pt\/index.php\/2026\/02\/23\/provas-publicas-de-doutoramento-7\/\">Provas P\u00fablicas de Doutoramento<\/a>\r\n<\/h3>\r\n\t\t\t<div class=\"post-hover-content\">\r\n\t\t\t\t\r\n<div class=\"entry-content\">\r\n\t<p>Realizaram-se no passado dia 23 de fevereiro de 2026 pelas 10 horas e 30 minutos, na Sala dos Docentes do Col\u00e9gio do Esp\u00edrito Santo, as provas p\u00fablicas de Doutoramento...<\/p>\r\n<\/div>\r\n\t\t\t<\/div>\r\n\t\t<\/div>\r\n\t\t\t<\/div>\r\n<\/article>\r\n<\/div><\/div><\/div>\t\t<\/div>\n\t\t\t\t<\/div>\n\t\t\t\t<div class=\"elementor-element elementor-element-ef0fd74 elementor-widget elementor-widget-html\" data-id=\"ef0fd74\" data-element_type=\"widget\" data-widget_type=\"html.default\">\n\t\t\t\t<div class=\"elementor-widget-container\">\n\t\t\t<!DOCTYPE html>\n<html lang=\"en\">\n<head>\n    <meta charset=\"UTF-8\">\n    <meta name=\"viewport\" content=\"width=device-width, initial-scale=1.0\">\n    <title>Event Calendar<\/title>\n    <style>\n        \/* Container for the iframe *\/\n        .calendar-container {\n            width: 100%;\n            height: 820px; \/* Adjust the height as necessary *\/\n            overflow: hidden; \/* Hide any content that overflows *\/\n            margin: 0;\n            padding: 0;\n            position: relative;\n        }\n\n        \/* Style for the iframe *\/\n        iframe {\n            position: relative;\n            top: -150px; \/* Adjust this value to cut the content above *\/\n            width: 100%;\n            height: 100%;\n            border: none; \/* Remove border around the iframe *\/\n            display: block; \/* Remove any extra space around the iframe *\/\n            overflow: hidden; \/* Ensure no scrollbar inside the iframe *\/\n        }\n    <\/style>\n<\/head>\n<body>\n    <div class=\"calendar-container\">\n        <iframe src=\"https:\/\/www.create.uevora.pt\/events\/month\/\" width=\"100%\" height=\"800px\" scrolling=\"no\"><\/iframe>\n    <\/div>\n<\/body>\n<\/html>\n   \t\t<\/div>\n\t\t\t\t<\/div>\n\t\t\t\t\t<\/div>\n\t\t\t\t<\/div>\n\t\t<div class=\"elementor-element elementor-element-d165133 e-con-full e-flex e-con e-parent\" data-id=\"d165133\" data-element_type=\"container\">\n\t\t\t\t<div class=\"elementor-element elementor-element-fdf7ec6 elementor-widget__width-initial elementor-widget elementor-widget-text-editor\" data-id=\"fdf7ec6\" data-element_type=\"widget\" data-widget_type=\"text-editor.default\">\n\t\t\t\t<div class=\"elementor-widget-container\">\n\t\t\t<style>\/*! elementor - v3.21.0 - 26-05-2024 *\/\n.elementor-widget-text-editor.elementor-drop-cap-view-stacked .elementor-drop-cap{background-color:#69727d;color:#fff}.elementor-widget-text-editor.elementor-drop-cap-view-framed .elementor-drop-cap{color:#69727d;border:3px solid;background-color:transparent}.elementor-widget-text-editor:not(.elementor-drop-cap-view-default) .elementor-drop-cap{margin-top:8px}.elementor-widget-text-editor:not(.elementor-drop-cap-view-default) .elementor-drop-cap-letter{width:1em;height:1em}.elementor-widget-text-editor .elementor-drop-cap{float:left;text-align:center;line-height:1;font-size:50px}.elementor-widget-text-editor .elementor-drop-cap-letter{display:inline-block}<\/style>\t\t\t\t<!-- wp:cover {\"url\":\"https:\/\/www.create.uevora.pt\/wp-content\/uploads\/2025\/01\/Alqueva2.jpg\",\"id\":5284,\"hasParallax\":true,\"align\":\"full\"} -->\n<div class=\"wp-block-cover alignfull has-background-dim has-parallax\" style=\"background-image: url('https:\/\/www.create.uevora.pt\/wp-content\/uploads\/2025\/01\/Alqueva2.jpg'); min-height: 70vh;\">\n<div class=\"wp-block-cover__inner-container\"><!-- wp:paragraph {\"align\":\"center\",\"placeholder\":\"Write title\u2026\",\"textColor\":\"white\",\"fontSize\":\"large\"} -->\n<h2 id=\"dynamic-heading\" class=\"wp-block-heading\">Interdisciplinarity,Environmental Challenges,Technological Innovation,Advanced Training,Regional Development, Advancing Earth System and Energy Solutions, bridging boundaries, empowering minds, CREATing futures, Interdisciplinarity,Environmental Challenges,Technological Innovation,Advanced Training,Regional Development, Advancing Earth System and Energy Solutions, bridging boundaries, empowering minds, CREATing futures, Interdisciplinarity,Environmental Challenges,Technological Innovation,Advanced Training,Regional Development, Advancing Earth System and Energy Solutions, bridging boundaries, empowering minds, CREATing futures, Interdisciplinarity,Environmental Challenges,Technological Innovation,Advanced Training,Regional Development, Advancing Earth System and Energy Solutions, bridging boundaries, empowering minds, CREATing futures, Interdisciplinarity,Environmental Challenges,Technological Innovation,Advanced Training,Regional Development, Advancing Earth System and Energy Solutions, bridging boundaries, empowering minds, CREATing futures, Interdisciplinarity,Environmental Challenges,Technological Innovation,Advanced Training,Regional Development, Advancing Earth System and Energy Solutions, bridging boundaries, empowering minds, CREATing futures, Interdisciplinarity,Environmental Challenges,Technological Innovation,Advanced Training,Regional Development, Advancing Earth System and Energy Solutions, bridging boundaries, empowering minds, CREATing futures, Interdisciplinarity,Environmental Challenges,Technological Innovation,Advanced Training,Regional Development, Advancing Earth System and Energy Solutions, bridging boundaries, empowering minds, CREATing futures, Interdisciplinarity,Environmental Challenges,Technological Innovation,Advanced Training,Regional Development, Advancing Earth System and Energy Solutions, bridging boundaries, empowering minds, CREATing futures, Interdisciplinarity,Environmental Challenges,Technological Innovation,Advanced Training,Regional Development, Advancing Earth System and Energy Solutions, bridging boundaries, empowering minds, CREATing futures, Interdisciplinarity,Environmental Challenges,Technological Innovation,Advanced Training,Regional Development, Advancing Earth System and Energy Solutions, bridging boundaries, empowering minds, CREATing futures, Interdisciplinarity,Environmental Challenges,Technological Innovation,Advanced Training,Regional Development, Advancing Earth System and Energy Solutions, bridging boundaries, empowering minds, CREATing futures, Interdisciplinarity,Environmental Challenges,Technological Innovation,Advanced Training,Regional Development, Advancing Earth System and Energy Solutions, bridging boundaries, empowering minds, CREATing futures, Interdisciplinarity,Environmental Challenges,Technological Innovation,Advanced Training,Regional Development, Advancing Earth System and Energy Solutions, bridging boundaries, empowering minds, CREATing futures,<\/h2>\n<\/div>\n<\/div>\n<p><style>\n    \/* Center the entire heading in the middle of the screen *\/\n    #dynamic-heading {\n        font-size: 36px;\n        font-family: Arial, sans-serif;\n        color: white;\n        text-align: center;\n        margin: 0;\n        position: absolute;\n        top: 50%;\n        left: 50%;\n        transform: translate(-50%, -50%);\n        white-space: nowrap; \/* Prevent words from wrapping to the next line *\/\n    }\n\n    .word {\n        opacity: 0;\n        position: absolute;\n        top: 50%;\n        left: 50%;\n        transform: translate(-50%, -50%);\n        display: inline-block;\n        animation: fadeInOut 4s forwards;\n    }\n\n    \/* Fade in and out animation for each word *\/\n    @keyframes fadeInOut {\n        0% {\n            opacity: 0;\n        }\n        20% {\n            opacity: 1;\n        }\n        80% {\n            opacity: 1;\n        }\n        100% {\n            opacity: 0;\n        }\n    }\n<\/style> <script>\n    const heading = document.getElementById('dynamic-heading');\n    const words = heading.textContent.split(','); \/\/ Split the text into words\n    heading.textContent = ''; \/\/ Clear the current text\n\n    let delay = 0;\n\n    words.forEach((word) => {\n        const span = document.createElement('span');\n        span.classList.add('word');\n        span.textContent = word;\n\n        \/\/ Add a delay for each word (e.g., 1.5 seconds between each word)\n        span.style.animationDelay = `${delay}s`;\n\n        heading.appendChild(span);\n\n        delay += 4; \/\/ Increase delay for a larger gap between words\n    });\n<\/script><\/p>\t\t\t\t\t\t<\/div>\n\t\t\t\t<\/div>\n\t\t\t\t<\/div>\n\t\t<div class=\"elementor-element elementor-element-7dfca1a e-flex e-con-boxed e-con e-parent\" data-id=\"7dfca1a\" data-element_type=\"container\">\n\t\t\t\t\t<div class=\"e-con-inner\">\n\t\t\t\t\t<\/div>\n\t\t\t\t<\/div>\n\t\t\t\t<\/div>\n\t\t","protected":false},"excerpt":{"rendered":"<p>Interdisciplinarity,Environmental Challenges,Technological Innovation,Advanced Training,Regional Development, Advancing Earth System and Energy Solutions, bridging boundaries, empowering minds, CREATing futures, Interdisciplinarity,Environmental Challenges,Technological Innovation,Advanced Training,Regional Development, Advancing Earth System and Energy Solutions, bridging boundaries, &hellip; <\/p>\n<p class=\"link-more\"><a href=\"https:\/\/www.create.uevora.pt\/index.php\/2026\/02\/23\/provas-publicas-de-doutoramento-7\/\" class=\"more-link\">Read more<span class=\"screen-reader-text\"> &#8220;Provas P\u00fablicas de Doutoramento&#8221;<\/span><\/a><\/p>\n","protected":false},"author":3,"featured_media":0,"parent":0,"menu_order":0,"comment_status":"closed","ping_status":"closed","template":"page-templates\/homepage-builder-bb.php","meta":{"sfsi_plus_gutenberg_text_before_share":"","sfsi_plus_gutenberg_show_text_before_share":"","sfsi_plus_gutenberg_icon_type":"","sfsi_plus_gutenberg_icon_alignemt":"","sfsi_plus_gutenburg_max_per_row":"","passster_activate_protection":false,"passster_protect_child_pages":"","passster_protection_type":"password","passster_password":"","passster_activate_overwrite_defaults":"","passster_headline":"","passster_instruction":"","passster_placeholder":"","passster_button":"","passster_id":"","passster_activate_misc_settings":"","passster_redirect_url":"","passster_hide":"no","passster_area_shortcode":"","footnotes":""},"class_list":["post-5550","page","type-page","status-publish","hentry"],"featured_media_urls":[],"_links":{"self":[{"href":"https:\/\/www.create.uevora.pt\/index.php\/wp-json\/wp\/v2\/pages\/5550","targetHints":{"allow":["GET"]}}],"collection":[{"href":"https:\/\/www.create.uevora.pt\/index.php\/wp-json\/wp\/v2\/pages"}],"about":[{"href":"https:\/\/www.create.uevora.pt\/index.php\/wp-json\/wp\/v2\/types\/page"}],"author":[{"embeddable":true,"href":"https:\/\/www.create.uevora.pt\/index.php\/wp-json\/wp\/v2\/users\/3"}],"replies":[{"embeddable":true,"href":"https:\/\/www.create.uevora.pt\/index.php\/wp-json\/wp\/v2\/comments?post=5550"}],"version-history":[{"count":417,"href":"https:\/\/www.create.uevora.pt\/index.php\/wp-json\/wp\/v2\/pages\/5550\/revisions"}],"predecessor-version":[{"id":10575,"href":"https:\/\/www.create.uevora.pt\/index.php\/wp-json\/wp\/v2\/pages\/5550\/revisions\/10575"}],"wp:attachment":[{"href":"https:\/\/www.create.uevora.pt\/index.php\/wp-json\/wp\/v2\/media?parent=5550"}],"curies":[{"name":"wp","href":"https:\/\/api.w.org\/{rel}","templated":true}]}}