{"id":7074,"date":"2024-11-09T14:10:34","date_gmt":"2024-11-09T14:10:34","guid":{"rendered":"https:\/\/www.create.uevora.pt\/?page_id=7074"},"modified":"2025-01-04T12:30:10","modified_gmt":"2025-01-04T12:30:10","slug":"external-committees","status":"publish","type":"page","link":"https:\/\/www.create.uevora.pt\/index.php\/external-committees\/","title":{"rendered":"External committees"},"content":{"rendered":"\t\t<div data-elementor-type=\"wp-page\" data-elementor-id=\"7074\" class=\"elementor elementor-7074\">\n\t\t\t\t<div class=\"elementor-element elementor-element-05638df e-flex e-con-boxed e-con e-parent\" data-id=\"05638df\" data-element_type=\"container\">\n\t\t\t\t\t<div class=\"e-con-inner\">\n\t\t\t\t<div class=\"elementor-element elementor-element-7107040 elementor-widget elementor-widget-heading\" data-id=\"7107040\" data-element_type=\"widget\" data-widget_type=\"heading.default\">\n\t\t\t\t<div class=\"elementor-widget-container\">\n\t\t\t<style>\/*! elementor - v3.21.0 - 26-05-2024 *\/\n.elementor-heading-title{padding:0;margin:0;line-height:1}.elementor-widget-heading .elementor-heading-title[class*=elementor-size-]>a{color:inherit;font-size:inherit;line-height:inherit}.elementor-widget-heading .elementor-heading-title.elementor-size-small{font-size:15px}.elementor-widget-heading .elementor-heading-title.elementor-size-medium{font-size:19px}.elementor-widget-heading .elementor-heading-title.elementor-size-large{font-size:29px}.elementor-widget-heading .elementor-heading-title.elementor-size-xl{font-size:39px}.elementor-widget-heading .elementor-heading-title.elementor-size-xxl{font-size:59px}<\/style><h2 class=\"elementor-heading-title elementor-size-default\">Scientific Advisory Committee (SCAC)<\/h2>\t\t<\/div>\n\t\t\t\t<\/div>\n\t\t\t\t\t<\/div>\n\t\t\t\t<\/div>\n\t\t<div class=\"elementor-element elementor-element-b36bce0 e-grid e-con-boxed e-con e-parent\" data-id=\"b36bce0\" data-element_type=\"container\">\n\t\t\t\t\t<div class=\"e-con-inner\">\n\t\t\t\t<div class=\"elementor-element elementor-element-4b0eff9 elementor-widget elementor-widget-image\" data-id=\"4b0eff9\" data-element_type=\"widget\" data-widget_type=\"image.default\">\n\t\t\t\t<div class=\"elementor-widget-container\">\n\t\t\t<style>\/*! elementor - v3.21.0 - 26-05-2024 *\/\n.elementor-widget-image{text-align:center}.elementor-widget-image a{display:inline-block}.elementor-widget-image a img[src$=\".svg\"]{width:48px}.elementor-widget-image img{vertical-align:middle;display:inline-block}<\/style>\t\t\t\t\t\t\t<figure class=\"wp-caption\">\n\t\t\t\t\t\t\t\t\t\t\t<a href=\"https:\/\/www.scopus.com\/authid\/detail.uri?authorId=7005503872\" target=\"_blank\">\n\t\t\t\t\t\t\t<img fetchpriority=\"high\" decoding=\"async\" width=\"425\" height=\"425\" src=\"https:\/\/www.create.uevora.pt\/wp-content\/uploads\/2025\/01\/Bouchta-Sahraoui-1.jpg\" class=\"attachment-large size-large wp-image-8108\" alt=\"\" srcset=\"https:\/\/www.create.uevora.pt\/wp-content\/uploads\/2025\/01\/Bouchta-Sahraoui-1.jpg 425w, https:\/\/www.create.uevora.pt\/wp-content\/uploads\/2025\/01\/Bouchta-Sahraoui-1-300x300.jpg 300w, https:\/\/www.create.uevora.pt\/wp-content\/uploads\/2025\/01\/Bouchta-Sahraoui-1-150x150.jpg 150w, https:\/\/www.create.uevora.pt\/wp-content\/uploads\/2025\/01\/Bouchta-Sahraoui-1-400x400.jpg 400w\" sizes=\"100vw\" \/>\t\t\t\t\t\t\t\t<\/a>\n\t\t\t\t\t\t\t\t\t\t\t<figcaption class=\"widget-image-caption wp-caption-text\">Bouchta Sahraoui<\/figcaption>\n\t\t\t\t\t\t\t\t\t\t<\/figure>\n\t\t\t\t\t\t\t<\/div>\n\t\t\t\t<\/div>\n\t\t\t\t<div class=\"elementor-element elementor-element-4975f86 elementor-widget elementor-widget-image\" data-id=\"4975f86\" data-element_type=\"widget\" data-widget_type=\"image.default\">\n\t\t\t\t<div class=\"elementor-widget-container\">\n\t\t\t\t\t\t\t\t\t\t<figure class=\"wp-caption\">\n\t\t\t\t\t\t\t\t\t\t\t<a href=\"https:\/\/www.scopus.com\/authid\/detail.uri?authorId=36013249500\" target=\"_blank\">\n\t\t\t\t\t\t\t<img decoding=\"async\" width=\"567\" height=\"567\" src=\"https:\/\/www.create.uevora.pt\/wp-content\/uploads\/2025\/01\/Culleres-2.png\" class=\"attachment-large size-large wp-image-8114\" alt=\"\" srcset=\"https:\/\/www.create.uevora.pt\/wp-content\/uploads\/2025\/01\/Culleres-2.png 567w, https:\/\/www.create.uevora.pt\/wp-content\/uploads\/2025\/01\/Culleres-2-300x300.png 300w, https:\/\/www.create.uevora.pt\/wp-content\/uploads\/2025\/01\/Culleres-2-150x150.png 150w, https:\/\/www.create.uevora.pt\/wp-content\/uploads\/2025\/01\/Culleres-2-400x400.png 400w\" sizes=\"100vw\" \/>\t\t\t\t\t\t\t\t<\/a>\n\t\t\t\t\t\t\t\t\t\t\t<figcaption class=\"widget-image-caption wp-caption-text\">Dami\u00e0 Barcel\u00f3 Culler\u00e8s<\/figcaption>\n\t\t\t\t\t\t\t\t\t\t<\/figure>\n\t\t\t\t\t\t\t<\/div>\n\t\t\t\t<\/div>\n\t\t\t\t<div class=\"elementor-element elementor-element-772c9c0 elementor-widget elementor-widget-image\" data-id=\"772c9c0\" data-element_type=\"widget\" data-widget_type=\"image.default\">\n\t\t\t\t<div class=\"elementor-widget-container\">\n\t\t\t\t\t\t\t\t\t\t<figure class=\"wp-caption\">\n\t\t\t\t\t\t\t\t\t\t\t<a href=\"https:\/\/www.scopus.com\/authid\/detail.uri?authorId=6603861528\" target=\"_blank\">\n\t\t\t\t\t\t\t<img decoding=\"async\" width=\"568\" height=\"567\" src=\"https:\/\/www.create.uevora.pt\/wp-content\/uploads\/2025\/01\/ElisaBuforn-2.png\" class=\"attachment-large size-large wp-image-8115\" alt=\"\" srcset=\"https:\/\/www.create.uevora.pt\/wp-content\/uploads\/2025\/01\/ElisaBuforn-2.png 568w, https:\/\/www.create.uevora.pt\/wp-content\/uploads\/2025\/01\/ElisaBuforn-2-300x300.png 300w, https:\/\/www.create.uevora.pt\/wp-content\/uploads\/2025\/01\/ElisaBuforn-2-150x150.png 150w, https:\/\/www.create.uevora.pt\/wp-content\/uploads\/2025\/01\/ElisaBuforn-2-400x400.png 400w\" sizes=\"100vw\" \/>\t\t\t\t\t\t\t\t<\/a>\n\t\t\t\t\t\t\t\t\t\t\t<figcaption class=\"widget-image-caption wp-caption-text\">Elisa Buforn Peir\u00f3<\/figcaption>\n\t\t\t\t\t\t\t\t\t\t<\/figure>\n\t\t\t\t\t\t\t<\/div>\n\t\t\t\t<\/div>\n\t\t\t\t<div class=\"elementor-element elementor-element-db4ec93 elementor-widget elementor-widget-image\" data-id=\"db4ec93\" data-element_type=\"widget\" data-widget_type=\"image.default\">\n\t\t\t\t<div class=\"elementor-widget-container\">\n\t\t\t\t\t\t\t\t\t\t<figure class=\"wp-caption\">\n\t\t\t\t\t\t\t\t\t\t\t<a href=\"https:\/\/www.scopus.com\/authid\/detail.uri?authorId=7004607037\" target=\"_blank\">\n\t\t\t\t\t\t\t<img loading=\"lazy\" decoding=\"async\" width=\"567\" height=\"567\" src=\"https:\/\/www.create.uevora.pt\/wp-content\/uploads\/2025\/01\/lucasalados_3-2.jpg\" class=\"attachment-large size-large wp-image-8116\" alt=\"\" srcset=\"https:\/\/www.create.uevora.pt\/wp-content\/uploads\/2025\/01\/lucasalados_3-2.jpg 567w, https:\/\/www.create.uevora.pt\/wp-content\/uploads\/2025\/01\/lucasalados_3-2-300x300.jpg 300w, https:\/\/www.create.uevora.pt\/wp-content\/uploads\/2025\/01\/lucasalados_3-2-150x150.jpg 150w, https:\/\/www.create.uevora.pt\/wp-content\/uploads\/2025\/01\/lucasalados_3-2-400x400.jpg 400w\" sizes=\"100vw\" \/>\t\t\t\t\t\t\t\t<\/a>\n\t\t\t\t\t\t\t\t\t\t\t<figcaption class=\"widget-image-caption wp-caption-text\">Lucas Alados Arboledas<\/figcaption>\n\t\t\t\t\t\t\t\t\t\t<\/figure>\n\t\t\t\t\t\t\t<\/div>\n\t\t\t\t<\/div>\n\t\t\t\t<div class=\"elementor-element elementor-element-e7f2fe6 elementor-widget elementor-widget-image\" data-id=\"e7f2fe6\" data-element_type=\"widget\" data-widget_type=\"image.default\">\n\t\t\t\t<div class=\"elementor-widget-container\">\n\t\t\t\t\t\t\t\t\t\t<figure class=\"wp-caption\">\n\t\t\t\t\t\t\t\t\t\t\t<a href=\"https:\/\/www.scopus.com\/authid\/detail.uri?authorId=55915361700\" target=\"_blank\">\n\t\t\t\t\t\t\t<img loading=\"lazy\" decoding=\"async\" width=\"425\" height=\"425\" src=\"https:\/\/www.create.uevora.pt\/wp-content\/uploads\/2025\/01\/Ricardo-Chacartegui-2.jpg\" class=\"attachment-large size-large wp-image-8113\" alt=\"\" srcset=\"https:\/\/www.create.uevora.pt\/wp-content\/uploads\/2025\/01\/Ricardo-Chacartegui-2.jpg 425w, https:\/\/www.create.uevora.pt\/wp-content\/uploads\/2025\/01\/Ricardo-Chacartegui-2-300x300.jpg 300w, https:\/\/www.create.uevora.pt\/wp-content\/uploads\/2025\/01\/Ricardo-Chacartegui-2-150x150.jpg 150w, https:\/\/www.create.uevora.pt\/wp-content\/uploads\/2025\/01\/Ricardo-Chacartegui-2-400x400.jpg 400w\" sizes=\"100vw\" \/>\t\t\t\t\t\t\t\t<\/a>\n\t\t\t\t\t\t\t\t\t\t\t<figcaption class=\"widget-image-caption wp-caption-text\">Ricardo Chacartegui<\/figcaption>\n\t\t\t\t\t\t\t\t\t\t<\/figure>\n\t\t\t\t\t\t\t<\/div>\n\t\t\t\t<\/div>\n\t\t\t\t\t<\/div>\n\t\t\t\t<\/div>\n\t\t<div class=\"elementor-element elementor-element-a6fb658 e-grid e-con-boxed e-con e-parent\" data-id=\"a6fb658\" data-element_type=\"container\">\n\t\t\t\t\t<div class=\"e-con-inner\">\n\t\t\t\t<div class=\"elementor-element elementor-element-dbd1e92 elementor-widget elementor-widget-text-editor\" data-id=\"dbd1e92\" data-element_type=\"widget\" data-widget_type=\"text-editor.default\">\n\t\t\t\t<div class=\"elementor-widget-container\">\n\t\t\t<style>\/*! elementor - v3.21.0 - 26-05-2024 *\/\n.elementor-widget-text-editor.elementor-drop-cap-view-stacked .elementor-drop-cap{background-color:#69727d;color:#fff}.elementor-widget-text-editor.elementor-drop-cap-view-framed .elementor-drop-cap{color:#69727d;border:3px solid;background-color:transparent}.elementor-widget-text-editor:not(.elementor-drop-cap-view-default) .elementor-drop-cap{margin-top:8px}.elementor-widget-text-editor:not(.elementor-drop-cap-view-default) .elementor-drop-cap-letter{width:1em;height:1em}.elementor-widget-text-editor .elementor-drop-cap{float:left;text-align:center;line-height:1;font-size:50px}.elementor-widget-text-editor .elementor-drop-cap-letter{display:inline-block}<\/style>\t\t\t\t<p>Full Professor, University of Angers.<\/p>\t\t\t\t\t\t<\/div>\n\t\t\t\t<\/div>\n\t\t\t\t<div class=\"elementor-element elementor-element-a56f4bc elementor-widget elementor-widget-text-editor\" data-id=\"a56f4bc\" data-element_type=\"widget\" data-widget_type=\"text-editor.default\">\n\t\t\t\t<div class=\"elementor-widget-container\">\n\t\t\t\t\t\t\t<p>Honorary Adjunct Professor, University of Almeria.<\/p><p>Former Director of the Catalan Water Research Institute.<\/p>\t\t\t\t\t\t<\/div>\n\t\t\t\t<\/div>\n\t\t\t\t<div class=\"elementor-element elementor-element-dbf07d4 elementor-widget elementor-widget-text-editor\" data-id=\"dbf07d4\" data-element_type=\"widget\" data-widget_type=\"text-editor.default\">\n\t\t\t\t<div class=\"elementor-widget-container\">\n\t\t\t\t\t\t\t<p>Full Professor, Complutense University of Madrid.<\/p>\t\t\t\t\t\t<\/div>\n\t\t\t\t<\/div>\n\t\t\t\t<div class=\"elementor-element elementor-element-d6d6ec0 elementor-widget elementor-widget-text-editor\" data-id=\"d6d6ec0\" data-element_type=\"widget\" data-widget_type=\"text-editor.default\">\n\t\t\t\t<div class=\"elementor-widget-container\">\n\t\t\t\t\t\t\t<p>Full Professor, University of Granada.<\/p><p>Director of the Andalusian Research Institute for the Earth System.<\/p>\t\t\t\t\t\t<\/div>\n\t\t\t\t<\/div>\n\t\t\t\t<div class=\"elementor-element elementor-element-3435fbe elementor-widget elementor-widget-text-editor\" data-id=\"3435fbe\" data-element_type=\"widget\" data-widget_type=\"text-editor.default\">\n\t\t\t\t<div class=\"elementor-widget-container\">\n\t\t\t\t\t\t\t<p>Full Professor, University of Seville.<\/p>\t\t\t\t\t\t<\/div>\n\t\t\t\t<\/div>\n\t\t\t\t\t<\/div>\n\t\t\t\t<\/div>\n\t\t<div class=\"elementor-element elementor-element-04d4c89 e-grid e-con-boxed e-con e-parent\" data-id=\"04d4c89\" data-element_type=\"container\">\n\t\t\t\t\t<div class=\"e-con-inner\">\n\t\t\t\t<div class=\"elementor-element elementor-element-477cc1a elementor-widget elementor-widget-text-editor\" data-id=\"477cc1a\" data-element_type=\"widget\" data-widget_type=\"text-editor.default\">\n\t\t\t\t<div class=\"elementor-widget-container\">\n\t\t\t\t\t\t\t<p>Nonlinear optics, photonics and electrical properties of molecular materials, optoelectronic applications.<\/p>\t\t\t\t\t\t<\/div>\n\t\t\t\t<\/div>\n\t\t\t\t<div class=\"elementor-element elementor-element-c0c9de5 elementor-widget elementor-widget-text-editor\" data-id=\"c0c9de5\" data-element_type=\"widget\" data-widget_type=\"text-editor.default\">\n\t\t\t\t<div class=\"elementor-widget-container\">\n\t\t\t\t\t\t\t<p>Environmental Chemistry, water quality, risk assessment and remediation\u00a0 for emerging pollutants.<\/p>\t\t\t\t\t\t<\/div>\n\t\t\t\t<\/div>\n\t\t\t\t<div class=\"elementor-element elementor-element-b9524c8 elementor-widget elementor-widget-text-editor\" data-id=\"b9524c8\" data-element_type=\"widget\" data-widget_type=\"text-editor.default\">\n\t\t\t\t<div class=\"elementor-widget-container\">\n\t\t\t\t\t\t\t<p>Physics of seismic sources, regional focal mechanisms, source fracture processes and seismicity.<\/p>\t\t\t\t\t\t<\/div>\n\t\t\t\t<\/div>\n\t\t\t\t<div class=\"elementor-element elementor-element-752431e elementor-widget elementor-widget-text-editor\" data-id=\"752431e\" data-element_type=\"widget\" data-widget_type=\"text-editor.default\">\n\t\t\t\t<div class=\"elementor-widget-container\">\n\t\t\t\t\t\t\t<p>Atmospheric aerosol and cloud properties and climate effects, remote sensing and in-situ techniques.<\/p>\t\t\t\t\t\t<\/div>\n\t\t\t\t<\/div>\n\t\t\t\t<div class=\"elementor-element elementor-element-339f416 elementor-widget elementor-widget-text-editor\" data-id=\"339f416\" data-element_type=\"widget\" data-widget_type=\"text-editor.default\">\n\t\t\t\t<div class=\"elementor-widget-container\">\n\t\t\t\t\t\t\t<p>Energy engineering, energy storage, <span aria-hidden=\"true\">development, design and optimization of <\/span>novel energy systems.<\/p>\t\t\t\t\t\t<\/div>\n\t\t\t\t<\/div>\n\t\t\t\t\t<\/div>\n\t\t\t\t<\/div>\n\t\t<div class=\"elementor-element elementor-element-cda1f03 e-flex e-con-boxed e-con e-parent\" data-id=\"cda1f03\" data-element_type=\"container\">\n\t\t\t\t\t<div class=\"e-con-inner\">\n\t\t\t\t<div class=\"elementor-element elementor-element-8e783dc elementor-widget elementor-widget-heading\" data-id=\"8e783dc\" data-element_type=\"widget\" data-widget_type=\"heading.default\">\n\t\t\t\t<div class=\"elementor-widget-container\">\n\t\t\t<h2 class=\"elementor-heading-title elementor-size-default\"><br>Stakeholder Advisory Committee (STAC)\n<\/h2>\t\t<\/div>\n\t\t\t\t<\/div>\n\t\t\t\t\t<\/div>\n\t\t\t\t<\/div>\n\t\t<div class=\"elementor-element elementor-element-e59d338 e-grid e-con-boxed e-con e-parent\" data-id=\"e59d338\" data-element_type=\"container\">\n\t\t\t\t\t<div class=\"e-con-inner\">\n\t\t\t\t<div class=\"elementor-element elementor-element-30ef18e elementor-widget elementor-widget-image\" data-id=\"30ef18e\" data-element_type=\"widget\" data-widget_type=\"image.default\">\n\t\t\t\t<div class=\"elementor-widget-container\">\n\t\t\t\t\t\t\t\t\t\t\t\t\t<img loading=\"lazy\" decoding=\"async\" width=\"606\" height=\"260\" src=\"https:\/\/www.create.uevora.pt\/wp-content\/uploads\/2024\/11\/CCDR2.png\" class=\"attachment-large size-large wp-image-7109\" alt=\"\" srcset=\"https:\/\/www.create.uevora.pt\/wp-content\/uploads\/2024\/11\/CCDR2.png 606w, https:\/\/www.create.uevora.pt\/wp-content\/uploads\/2024\/11\/CCDR2-300x129.png 300w, https:\/\/www.create.uevora.pt\/wp-content\/uploads\/2024\/11\/CCDR2-600x257.png 600w\" sizes=\"100vw\" \/>\t\t\t\t\t\t\t\t\t\t\t\t\t<\/div>\n\t\t\t\t<\/div>\n\t\t\t\t<div class=\"elementor-element elementor-element-ba41fd5 elementor-widget elementor-widget-image\" data-id=\"ba41fd5\" data-element_type=\"widget\" data-widget_type=\"image.default\">\n\t\t\t\t<div class=\"elementor-widget-container\">\n\t\t\t\t\t\t\t\t\t\t\t\t\t<img loading=\"lazy\" decoding=\"async\" width=\"186\" height=\"50\" src=\"https:\/\/www.create.uevora.pt\/wp-content\/uploads\/2024\/11\/IPMA.png\" class=\"attachment-large size-large wp-image-7046\" alt=\"\" sizes=\"100vw\" \/>\t\t\t\t\t\t\t\t\t\t\t\t\t<\/div>\n\t\t\t\t<\/div>\n\t\t\t\t<div class=\"elementor-element elementor-element-7a4d82e elementor-widget elementor-widget-image\" data-id=\"7a4d82e\" data-element_type=\"widget\" data-widget_type=\"image.default\">\n\t\t\t\t<div class=\"elementor-widget-container\">\n\t\t\t\t\t\t\t\t\t\t\t\t\t<img loading=\"lazy\" decoding=\"async\" width=\"243\" height=\"59\" src=\"https:\/\/www.create.uevora.pt\/wp-content\/uploads\/2024\/11\/APA.png\" class=\"attachment-large size-large wp-image-7039\" alt=\"\" sizes=\"100vw\" \/>\t\t\t\t\t\t\t\t\t\t\t\t\t<\/div>\n\t\t\t\t<\/div>\n\t\t\t\t<div class=\"elementor-element elementor-element-6159ed1 elementor-widget elementor-widget-image\" data-id=\"6159ed1\" data-element_type=\"widget\" data-widget_type=\"image.default\">\n\t\t\t\t<div class=\"elementor-widget-container\">\n\t\t\t\t\t\t\t\t\t\t\t\t\t<img loading=\"lazy\" decoding=\"async\" width=\"490\" height=\"300\" src=\"https:\/\/www.create.uevora.pt\/wp-content\/uploads\/2024\/11\/logo_lneg.png\" class=\"attachment-large size-large wp-image-7047\" alt=\"\" srcset=\"https:\/\/www.create.uevora.pt\/wp-content\/uploads\/2024\/11\/logo_lneg.png 490w, https:\/\/www.create.uevora.pt\/wp-content\/uploads\/2024\/11\/logo_lneg-300x184.png 300w\" sizes=\"100vw\" \/>\t\t\t\t\t\t\t\t\t\t\t\t\t<\/div>\n\t\t\t\t<\/div>\n\t\t\t\t\t<\/div>\n\t\t\t\t<\/div>\n\t\t\t\t<\/div>\n\t\t","protected":false},"excerpt":{"rendered":"<p>Scientific Advisory Committee (SCAC) Bouchta Sahraoui Dami\u00e0 Barcel\u00f3 Culler\u00e8s Elisa Buforn Peir\u00f3 Lucas Alados Arboledas Ricardo Chacartegui Full Professor, University of Angers. Honorary Adjunct Professor, University of Almeria. Former Director &hellip; <\/p>\n<p class=\"link-more\"><a href=\"https:\/\/www.create.uevora.pt\/index.php\/external-committees\/\" class=\"more-link\">Read more<span class=\"screen-reader-text\"> &#8220;External committees&#8221;<\/span><\/a><\/p>\n","protected":false},"author":6,"featured_media":0,"parent":0,"menu_order":0,"comment_status":"closed","ping_status":"closed","template":"","meta":{"sfsi_plus_gutenberg_text_before_share":"","sfsi_plus_gutenberg_show_text_before_share":"","sfsi_plus_gutenberg_icon_type":"","sfsi_plus_gutenberg_icon_alignemt":"","sfsi_plus_gutenburg_max_per_row":"","passster_activate_protection":false,"passster_protect_child_pages":"","passster_protection_type":"password","passster_password":"","passster_activate_overwrite_defaults":"","passster_headline":"","passster_instruction":"","passster_placeholder":"","passster_button":"","passster_id":"","passster_activate_misc_settings":"","passster_redirect_url":"","passster_hide":"no","passster_area_shortcode":"","footnotes":""},"class_list":["post-7074","page","type-page","status-publish","hentry"],"featured_media_urls":[],"_links":{"self":[{"href":"https:\/\/www.create.uevora.pt\/index.php\/wp-json\/wp\/v2\/pages\/7074","targetHints":{"allow":["GET"]}}],"collection":[{"href":"https:\/\/www.create.uevora.pt\/index.php\/wp-json\/wp\/v2\/pages"}],"about":[{"href":"https:\/\/www.create.uevora.pt\/index.php\/wp-json\/wp\/v2\/types\/page"}],"author":[{"embeddable":true,"href":"https:\/\/www.create.uevora.pt\/index.php\/wp-json\/wp\/v2\/users\/6"}],"replies":[{"embeddable":true,"href":"https:\/\/www.create.uevora.pt\/index.php\/wp-json\/wp\/v2\/comments?post=7074"}],"version-history":[{"count":46,"href":"https:\/\/www.create.uevora.pt\/index.php\/wp-json\/wp\/v2\/pages\/7074\/revisions"}],"predecessor-version":[{"id":8122,"href":"https:\/\/www.create.uevora.pt\/index.php\/wp-json\/wp\/v2\/pages\/7074\/revisions\/8122"}],"wp:attachment":[{"href":"https:\/\/www.create.uevora.pt\/index.php\/wp-json\/wp\/v2\/media?parent=7074"}],"curies":[{"name":"wp","href":"https:\/\/api.w.org\/{rel}","templated":true}]}}