{"id":9438,"date":"2025-01-18T20:12:43","date_gmt":"2025-01-18T20:12:43","guid":{"rendered":"https:\/\/www.create.uevora.pt\/?page_id=9438"},"modified":"2025-01-24T13:05:40","modified_gmt":"2025-01-24T13:05:40","slug":"patents","status":"publish","type":"page","link":"https:\/\/www.create.uevora.pt\/index.php\/patents\/","title":{"rendered":"Patents"},"content":{"rendered":"\t\t<div data-elementor-type=\"wp-page\" data-elementor-id=\"9438\" class=\"elementor elementor-9438\">\n\t\t\t\t<div class=\"elementor-element elementor-element-da89e55 e-flex e-con-boxed e-con e-parent\" data-id=\"da89e55\" data-element_type=\"container\">\n\t\t\t\t\t<div class=\"e-con-inner\">\n\t\t\t\t<div class=\"elementor-element elementor-element-b251500 elementor-widget elementor-widget-image-gallery\" data-id=\"b251500\" data-element_type=\"widget\" data-widget_type=\"image-gallery.default\">\n\t\t\t\t<div class=\"elementor-widget-container\">\n\t\t\t<style>\/*! elementor - v3.21.0 - 26-05-2024 *\/\n.elementor-image-gallery .gallery-item{display:inline-block;text-align:center;vertical-align:top;width:100%;max-width:100%;margin:0 auto}.elementor-image-gallery .gallery-item img{margin:0 auto}.elementor-image-gallery .gallery-item .gallery-caption{margin:0}.elementor-image-gallery figure img{display:block}.elementor-image-gallery figure figcaption{width:100%}.gallery-spacing-custom .elementor-image-gallery .gallery-icon{padding:0}@media (min-width:768px){.elementor-image-gallery .gallery-columns-2 .gallery-item{max-width:50%}.elementor-image-gallery .gallery-columns-3 .gallery-item{max-width:33.33%}.elementor-image-gallery .gallery-columns-4 .gallery-item{max-width:25%}.elementor-image-gallery .gallery-columns-5 .gallery-item{max-width:20%}.elementor-image-gallery .gallery-columns-6 .gallery-item{max-width:16.666%}.elementor-image-gallery .gallery-columns-7 .gallery-item{max-width:14.28%}.elementor-image-gallery .gallery-columns-8 .gallery-item{max-width:12.5%}.elementor-image-gallery .gallery-columns-9 .gallery-item{max-width:11.11%}.elementor-image-gallery .gallery-columns-10 .gallery-item{max-width:10%}}@media (min-width:480px) and (max-width:767px){.elementor-image-gallery .gallery.gallery-columns-2 .gallery-item,.elementor-image-gallery .gallery.gallery-columns-3 .gallery-item,.elementor-image-gallery .gallery.gallery-columns-4 .gallery-item,.elementor-image-gallery .gallery.gallery-columns-5 .gallery-item,.elementor-image-gallery .gallery.gallery-columns-6 .gallery-item,.elementor-image-gallery .gallery.gallery-columns-7 .gallery-item,.elementor-image-gallery .gallery.gallery-columns-8 .gallery-item,.elementor-image-gallery .gallery.gallery-columns-9 .gallery-item,.elementor-image-gallery .gallery.gallery-columns-10 .gallery-item{max-width:50%}}@media (max-width:479px){.elementor-image-gallery .gallery.gallery-columns-2 .gallery-item,.elementor-image-gallery .gallery.gallery-columns-3 .gallery-item,.elementor-image-gallery .gallery.gallery-columns-4 .gallery-item,.elementor-image-gallery .gallery.gallery-columns-5 .gallery-item,.elementor-image-gallery .gallery.gallery-columns-6 .gallery-item,.elementor-image-gallery .gallery.gallery-columns-7 .gallery-item,.elementor-image-gallery .gallery.gallery-columns-8 .gallery-item,.elementor-image-gallery .gallery.gallery-columns-9 .gallery-item,.elementor-image-gallery .gallery.gallery-columns-10 .gallery-item{max-width:100%}}<\/style>\t\t<div class=\"elementor-image-gallery\">\n\t\t\t<div id='gallery-1' class='gallery galleryid-9438 gallery-columns-4 gallery-size-large'><figure class='gallery-item'>\n\t\t\t<div class='gallery-icon landscape'>\n\t\t\t\t<a data-elementor-open-lightbox=\"yes\" data-elementor-lightbox-slideshow=\"b251500\" data-elementor-lightbox-title=\"EP3772277B1\" data-elementor-lightbox-description=\"DEVICE AND PROCESS FOR MASSIVE CAPTURE OF OLIVE FLIES - ELECTROCUTOR TRAP\" data-e-action-hash=\"#elementor-action%3Aaction%3Dlightbox%26settings%3DeyJpZCI6OTk1NiwidXJsIjoiaHR0cHM6XC9cL3d3dy5jcmVhdGUudWV2b3JhLnB0XC93cC1jb250ZW50XC91cGxvYWRzXC8yMDI1XC8wMVwvRmx5X0luc3RydW1lbnQuanBlZyIsInNsaWRlc2hvdyI6ImIyNTE1MDAifQ%3D%3D\" href='https:\/\/www.create.uevora.pt\/wp-content\/uploads\/2025\/01\/Fly_Instrument.jpeg'><img fetchpriority=\"high\" decoding=\"async\" width=\"414\" height=\"414\" src=\"https:\/\/www.create.uevora.pt\/wp-content\/uploads\/2025\/01\/Fly_Instrument.jpeg\" class=\"attachment-large size-large\" alt=\"\" aria-describedby=\"gallery-1-9956\" srcset=\"https:\/\/www.create.uevora.pt\/wp-content\/uploads\/2025\/01\/Fly_Instrument.jpeg 414w, https:\/\/www.create.uevora.pt\/wp-content\/uploads\/2025\/01\/Fly_Instrument-300x300.jpeg 300w, https:\/\/www.create.uevora.pt\/wp-content\/uploads\/2025\/01\/Fly_Instrument-150x150.jpeg 150w\" sizes=\"100vw\" \/><\/a>\n\t\t\t<\/div>\n\t\t\t\t<figcaption class='wp-caption-text gallery-caption' id='gallery-1-9956'>\n\t\t\t\tEuropean Patent EP3772277B1\n\t\t\t\t<\/figcaption><\/figure><figure class='gallery-item'>\n\t\t\t<div class='gallery-icon portrait'>\n\t\t\t\t<a data-elementor-open-lightbox=\"yes\" data-elementor-lightbox-slideshow=\"b251500\" data-elementor-lightbox-title=\"EP3772277B1\" data-elementor-lightbox-description=\"A MULTIPLE-STAGE METHOD FOR THE PROCESSING OF AIRBORNE CYANOBACTERIA IN AIR-WATER INTERFACE EMISSIONS\" data-e-action-hash=\"#elementor-action%3Aaction%3Dlightbox%26settings%3DeyJpZCI6OTQ0NiwidXJsIjoiaHR0cHM6XC9cL3d3dy5jcmVhdGUudWV2b3JhLnB0XC93cC1jb250ZW50XC91cGxvYWRzXC8yMDI1XC8wMVwvUGF0dDIucG5nIiwic2xpZGVzaG93IjoiYjI1MTUwMCJ9\" href='https:\/\/www.create.uevora.pt\/wp-content\/uploads\/2025\/01\/Patt2.png'><img decoding=\"async\" width=\"539\" height=\"540\" src=\"https:\/\/www.create.uevora.pt\/wp-content\/uploads\/2025\/01\/Patt2.png\" class=\"attachment-large size-large\" alt=\"\" aria-describedby=\"gallery-1-9446\" srcset=\"https:\/\/www.create.uevora.pt\/wp-content\/uploads\/2025\/01\/Patt2.png 539w, https:\/\/www.create.uevora.pt\/wp-content\/uploads\/2025\/01\/Patt2-300x300.png 300w, https:\/\/www.create.uevora.pt\/wp-content\/uploads\/2025\/01\/Patt2-150x150.png 150w\" sizes=\"100vw\" \/><\/a>\n\t\t\t<\/div>\n\t\t\t\t<figcaption class='wp-caption-text gallery-caption' id='gallery-1-9446'>\n\t\t\t\tEuropean Patent EP3839058B1\n\t\t\t\t<\/figcaption><\/figure><figure class='gallery-item'>\n\t\t\t<div class='gallery-icon landscape'>\n\t\t\t\t<a data-elementor-open-lightbox=\"yes\" data-elementor-lightbox-slideshow=\"b251500\" data-elementor-lightbox-title=\"EP3447030B1\" data-elementor-lightbox-description=\"PROCESS OF TREATMENT OF AGROINDUSTRIAL WASTE WATER BY REACTION OF\nACIDIFICATION WITH ADDITION OF STRONG ACIDS\" data-e-action-hash=\"#elementor-action%3Aaction%3Dlightbox%26settings%3DeyJpZCI6OTQ0NywidXJsIjoiaHR0cHM6XC9cL3d3dy5jcmVhdGUudWV2b3JhLnB0XC93cC1jb250ZW50XC91cGxvYWRzXC8yMDI1XC8wMVwvUGF0dDMucG5nIiwic2xpZGVzaG93IjoiYjI1MTUwMCJ9\" href='https:\/\/www.create.uevora.pt\/wp-content\/uploads\/2025\/01\/Patt3.png'><img decoding=\"async\" width=\"540\" height=\"540\" src=\"https:\/\/www.create.uevora.pt\/wp-content\/uploads\/2025\/01\/Patt3.png\" class=\"attachment-large size-large\" alt=\"\" aria-describedby=\"gallery-1-9447\" srcset=\"https:\/\/www.create.uevora.pt\/wp-content\/uploads\/2025\/01\/Patt3.png 540w, https:\/\/www.create.uevora.pt\/wp-content\/uploads\/2025\/01\/Patt3-300x300.png 300w, https:\/\/www.create.uevora.pt\/wp-content\/uploads\/2025\/01\/Patt3-150x150.png 150w\" sizes=\"100vw\" \/><\/a>\n\t\t\t<\/div>\n\t\t\t\t<figcaption class='wp-caption-text gallery-caption' id='gallery-1-9447'>\n\t\t\t\tEuropean Patent EP3447030B1\n\t\t\t\t<\/figcaption><\/figure><figure class='gallery-item'>\n\t\t\t<div class='gallery-icon landscape'>\n\t\t\t\t<a data-elementor-open-lightbox=\"yes\" data-elementor-lightbox-slideshow=\"b251500\" data-elementor-lightbox-title=\"EP3839452B1\" data-elementor-lightbox-description=\"SYSTEM FOR SIMULTANEOUSLY CALIBRATING TWO OR MORE SOLAR RADIATION MEASURING PYRANOMETERS\" data-e-action-hash=\"#elementor-action%3Aaction%3Dlightbox%26settings%3DeyJpZCI6OTQ1MCwidXJsIjoiaHR0cHM6XC9cL3d3dy5jcmVhdGUudWV2b3JhLnB0XC93cC1jb250ZW50XC91cGxvYWRzXC8yMDI1XC8wMVwvUGF0dDYucG5nIiwic2xpZGVzaG93IjoiYjI1MTUwMCJ9\" href='https:\/\/www.create.uevora.pt\/wp-content\/uploads\/2025\/01\/Patt6.png'><img loading=\"lazy\" decoding=\"async\" width=\"540\" height=\"540\" src=\"https:\/\/www.create.uevora.pt\/wp-content\/uploads\/2025\/01\/Patt6.png\" class=\"attachment-large size-large\" alt=\"\" aria-describedby=\"gallery-1-9450\" srcset=\"https:\/\/www.create.uevora.pt\/wp-content\/uploads\/2025\/01\/Patt6.png 540w, https:\/\/www.create.uevora.pt\/wp-content\/uploads\/2025\/01\/Patt6-300x300.png 300w, https:\/\/www.create.uevora.pt\/wp-content\/uploads\/2025\/01\/Patt6-150x150.png 150w\" sizes=\"100vw\" \/><\/a>\n\t\t\t<\/div>\n\t\t\t\t<figcaption class='wp-caption-text gallery-caption' id='gallery-1-9450'>\n\t\t\t\tEUROPEAN PATENT EP3839452B1\n\t\t\t\t<\/figcaption><\/figure><figure class='gallery-item'>\n\t\t\t<div class='gallery-icon landscape'>\n\t\t\t\t<a data-elementor-open-lightbox=\"yes\" data-elementor-lightbox-slideshow=\"b251500\" data-elementor-lightbox-title=\"National Patent 108146\" data-elementor-lightbox-description=\"TRATAMENTO PARA AFINA\u00c7\u00c3O DE \u00c1GUAS RESIDUAIS PR\u00c9-TRATADAS DA IND\u00daSTRIA DO\nQUEIJO EM ZONAS H\u00daMIDAS ARTIFICIAIS PLANTADAS COM VETIVERIA ZIZANIOIDES\" data-e-action-hash=\"#elementor-action%3Aaction%3Dlightbox%26settings%3DeyJpZCI6OTQ0OCwidXJsIjoiaHR0cHM6XC9cL3d3dy5jcmVhdGUudWV2b3JhLnB0XC93cC1jb250ZW50XC91cGxvYWRzXC8yMDI1XC8wMVwvUGF0dDQucG5nIiwic2xpZGVzaG93IjoiYjI1MTUwMCJ9\" href='https:\/\/www.create.uevora.pt\/wp-content\/uploads\/2025\/01\/Patt4.png'><img loading=\"lazy\" decoding=\"async\" width=\"539\" height=\"539\" src=\"https:\/\/www.create.uevora.pt\/wp-content\/uploads\/2025\/01\/Patt4.png\" class=\"attachment-large size-large\" alt=\"\" aria-describedby=\"gallery-1-9448\" srcset=\"https:\/\/www.create.uevora.pt\/wp-content\/uploads\/2025\/01\/Patt4.png 539w, https:\/\/www.create.uevora.pt\/wp-content\/uploads\/2025\/01\/Patt4-300x300.png 300w, https:\/\/www.create.uevora.pt\/wp-content\/uploads\/2025\/01\/Patt4-150x150.png 150w\" sizes=\"100vw\" \/><\/a>\n\t\t\t<\/div>\n\t\t\t\t<figcaption class='wp-caption-text gallery-caption' id='gallery-1-9448'>\n\t\t\t\tNational Patent 108146\n\t\t\t\t<\/figcaption><\/figure>\n\t\t<\/div>\n\t\t<\/div>\n\t\t\t\t<\/div>\n\t\t\t\t<\/div>\n\t\t\t\t\t<\/div>\n\t\t\t\t<\/div>\n\t\t\t\t<\/div>\n\t\t","protected":false},"excerpt":{"rendered":"<p>European Patent EP3772277B1 European Patent EP3839058B1 European Patent EP3447030B1 EUROPEAN PATENT EP3839452B1 National Patent 108146<\/p>\n","protected":false},"author":6,"featured_media":0,"parent":0,"menu_order":0,"comment_status":"closed","ping_status":"closed","template":"","meta":{"sfsi_plus_gutenberg_text_before_share":"","sfsi_plus_gutenberg_show_text_before_share":"","sfsi_plus_gutenberg_icon_type":"","sfsi_plus_gutenberg_icon_alignemt":"","sfsi_plus_gutenburg_max_per_row":"","passster_activate_protection":false,"passster_protect_child_pages":"","passster_protection_type":"password","passster_password":"","passster_activate_overwrite_defaults":"","passster_headline":"","passster_instruction":"","passster_placeholder":"","passster_button":"","passster_id":"","passster_activate_misc_settings":"","passster_redirect_url":"","passster_hide":"no","passster_area_shortcode":"","footnotes":""},"class_list":["post-9438","page","type-page","status-publish","hentry"],"featured_media_urls":[],"_links":{"self":[{"href":"https:\/\/www.create.uevora.pt\/index.php\/wp-json\/wp\/v2\/pages\/9438","targetHints":{"allow":["GET"]}}],"collection":[{"href":"https:\/\/www.create.uevora.pt\/index.php\/wp-json\/wp\/v2\/pages"}],"about":[{"href":"https:\/\/www.create.uevora.pt\/index.php\/wp-json\/wp\/v2\/types\/page"}],"author":[{"embeddable":true,"href":"https:\/\/www.create.uevora.pt\/index.php\/wp-json\/wp\/v2\/users\/6"}],"replies":[{"embeddable":true,"href":"https:\/\/www.create.uevora.pt\/index.php\/wp-json\/wp\/v2\/comments?post=9438"}],"version-history":[{"count":16,"href":"https:\/\/www.create.uevora.pt\/index.php\/wp-json\/wp\/v2\/pages\/9438\/revisions"}],"predecessor-version":[{"id":9959,"href":"https:\/\/www.create.uevora.pt\/index.php\/wp-json\/wp\/v2\/pages\/9438\/revisions\/9959"}],"wp:attachment":[{"href":"https:\/\/www.create.uevora.pt\/index.php\/wp-json\/wp\/v2\/media?parent=9438"}],"curies":[{"name":"wp","href":"https:\/\/api.w.org\/{rel}","templated":true}]}}