{"id":9530,"date":"2025-01-23T13:36:31","date_gmt":"2025-01-23T13:36:31","guid":{"rendered":"https:\/\/www.create.uevora.pt\/?page_id=9530"},"modified":"2025-01-25T17:53:14","modified_gmt":"2025-01-25T17:53:14","slug":"news","status":"publish","type":"page","link":"https:\/\/www.create.uevora.pt\/index.php\/news\/","title":{"rendered":"News"},"content":{"rendered":"\t\t<div data-elementor-type=\"wp-page\" data-elementor-id=\"9530\" class=\"elementor elementor-9530\">\n\t\t\t\t<div class=\"elementor-element elementor-element-7a25e0f e-flex e-con-boxed e-con e-parent\" data-id=\"7a25e0f\" data-element_type=\"container\">\n\t\t\t\t\t<div class=\"e-con-inner\">\n\t\t\t\t<div class=\"elementor-element elementor-element-6573c71 elementor-widget elementor-widget-tp-blog-listout\" data-id=\"6573c71\" data-element_type=\"widget\" data-widget_type=\"tp-blog-listout.default\">\n\t\t\t\t<div class=\"elementor-widget-container\">\n\t\t\t<div id=\"pt-plus-blog-post-list\" class=\"blog-list post6a033f223857b  list-isotope  blog-style-1 hover-image-style-1 \"  data-layout-type=\"fitRows\"   data-id=\"post6a033f223857b\" data-style=\"style-1\"  data-enable-isotope=\"1\"><div id=\"post6a033f223857b\" class=\"tp-row post-inner-loop post6a033f223857b \"><div class=\"grid-item metro-item tp-col-lg-6 tp-col-md-6 tp-col-sm-12 tp-col-12 \"><article id=\"post-11549\" class=\"post-11549 post type-post status-publish format-standard has-post-thumbnail hentry category-uncategorized\">\r\n\t<div class=\"blog-list-content\">\r\n\t\t\t\t<div class=\"post-content-image\">\r\n\t\t\t<a href=\"https:\/\/www.create.uevora.pt\/index.php\/2026\/02\/23\/provas-publicas-de-doutoramento-7\/\">\r\n\t\t\t\t<div class=\"blog-featured-image\">\r\n<span class=\"thumb-wrap\">\r\n\t<img fetchpriority=\"high\" decoding=\"async\" width=\"700\" height=\"700\" src=\"https:\/\/www.create.uevora.pt\/wp-content\/uploads\/2026\/03\/WhatsApp-Image-2026-03-05-at-8.55.58-PM-700x700.jpeg\" class=\"attachment-tp-image-grid size-tp-image-grid\" alt=\"\" \/><\/span>\r\n<\/div>\r\n\t\t\t<\/a>\r\n\t\t<\/div>\r\n\t\t\t\t<div class=\"post-content-bottom\">\r\n\t\t\t\t\t\t\t<div class=\"post-meta-info style-1\">\r\n\t\t\t\t\t<span class=\"meta-date\"><a href=\"https:\/\/www.create.uevora.pt\/index.php\/2026\/02\/23\/provas-publicas-de-doutoramento-7\/\"><span class=\"entry-date\">February 23, 2026<\/span><\/a><\/span>\r\n<\/a><\/span>\r\n\t\t\t\t\t<span>|<\/span> <span class=\"post-author\">\r\n\t\t\t\t\t\tBy  \r\n\t\t\t\t\t\t<a href=\"https:\/\/www.create.uevora.pt\/index.php\/author\/create\/\" rel=\"author\" class=\"fn\">\r\n\t\t\t\t\t\tcreate\t\t\t<\/a><\/span>\r\n\t\t\t\t<\/div>\r\n\t\t\t\t<h5 class=\"post-title\">\r\n\t<a href=\"https:\/\/www.create.uevora.pt\/index.php\/2026\/02\/23\/provas-publicas-de-doutoramento-7\/\">Provas P\u00fablicas de Doutoramento<\/a>\r\n<\/h5>\r\n\t\t\t<div class=\"post-hover-content\">\r\n\t\t\t\t\r\n<div class=\"entry-content\">\r\n\t<p>Realizaram-se no passado dia 23 de fevereiro de 2026 pelas 10 horas e 30 minutos, na Sala dos Docentes do Col\u00e9gio do Esp\u00edrito Santo, as provas p\u00fablicas de Doutoramento...<\/p>\r\n<\/div>\r\n\t\t\t<\/div>\r\n\t\t<\/div>\r\n\t\t\t<\/div>\r\n<\/article>\r\n<\/div><div class=\"grid-item metro-item tp-col-lg-6 tp-col-md-6 tp-col-sm-12 tp-col-12 \"><article id=\"post-11545\" class=\"post-11545 post type-post status-publish format-standard has-post-thumbnail hentry category-uncategorized\">\r\n\t<div class=\"blog-list-content\">\r\n\t\t\t\t<div class=\"post-content-image\">\r\n\t\t\t<a href=\"https:\/\/www.create.uevora.pt\/index.php\/2026\/02\/13\/provas-publicas-de-doutoramento-6\/\">\r\n\t\t\t\t<div class=\"blog-featured-image\">\r\n<span class=\"thumb-wrap\">\r\n\t<img decoding=\"async\" width=\"700\" height=\"700\" src=\"https:\/\/www.create.uevora.pt\/wp-content\/uploads\/2026\/03\/WhatsApp-Image-2026-03-05-at-8.57.11-PM1-700x700.jpeg\" class=\"attachment-tp-image-grid size-tp-image-grid\" alt=\"\" \/><\/span>\r\n<\/div>\r\n\t\t\t<\/a>\r\n\t\t<\/div>\r\n\t\t\t\t<div class=\"post-content-bottom\">\r\n\t\t\t\t\t\t\t<div class=\"post-meta-info style-1\">\r\n\t\t\t\t\t<span class=\"meta-date\"><a href=\"https:\/\/www.create.uevora.pt\/index.php\/2026\/02\/13\/provas-publicas-de-doutoramento-6\/\"><span class=\"entry-date\">February 13, 2026<\/span><\/a><\/span>\r\n<\/a><\/span>\r\n\t\t\t\t\t<span>|<\/span> <span class=\"post-author\">\r\n\t\t\t\t\t\tBy  \r\n\t\t\t\t\t\t<a href=\"https:\/\/www.create.uevora.pt\/index.php\/author\/create\/\" rel=\"author\" class=\"fn\">\r\n\t\t\t\t\t\tcreate\t\t\t<\/a><\/span>\r\n\t\t\t\t<\/div>\r\n\t\t\t\t<h5 class=\"post-title\">\r\n\t<a href=\"https:\/\/www.create.uevora.pt\/index.php\/2026\/02\/13\/provas-publicas-de-doutoramento-6\/\">Provas P\u00fablicas de Doutoramento<\/a>\r\n<\/h5>\r\n\t\t\t<div class=\"post-hover-content\">\r\n\t\t\t\t\r\n<div class=\"entry-content\">\r\n\t<p>Realizaram-se no passado dia 13 de fevereiro de 2026 pelas 10 horas, na Sala dos Atos do Col\u00e9gio do Esp\u00edrito Santo, as provas p\u00fablicas de Doutoramento em Ci\u00eancias da...<\/p>\r\n<\/div>\r\n\t\t\t<\/div>\r\n\t\t<\/div>\r\n\t\t\t<\/div>\r\n<\/article>\r\n<\/div><div class=\"grid-item metro-item tp-col-lg-6 tp-col-md-6 tp-col-sm-12 tp-col-12 \"><article id=\"post-11499\" class=\"post-11499 post type-post status-publish format-standard has-post-thumbnail hentry category-uncategorized\">\r\n\t<div class=\"blog-list-content\">\r\n\t\t\t\t<div class=\"post-content-image\">\r\n\t\t\t<a href=\"https:\/\/www.create.uevora.pt\/index.php\/2026\/01\/23\/provas-publicas-de-doutoramento-5\/\">\r\n\t\t\t\t<div class=\"blog-featured-image\">\r\n<span class=\"thumb-wrap\">\r\n\t<img decoding=\"async\" width=\"700\" height=\"700\" src=\"https:\/\/www.create.uevora.pt\/wp-content\/uploads\/2026\/01\/WhatsApp-Image-2026-01-24-at-12.38.21-PM-700x700.jpeg\" class=\"attachment-tp-image-grid size-tp-image-grid\" alt=\"\" \/><\/span>\r\n<\/div>\r\n\t\t\t<\/a>\r\n\t\t<\/div>\r\n\t\t\t\t<div class=\"post-content-bottom\">\r\n\t\t\t\t\t\t\t<div class=\"post-meta-info style-1\">\r\n\t\t\t\t\t<span class=\"meta-date\"><a href=\"https:\/\/www.create.uevora.pt\/index.php\/2026\/01\/23\/provas-publicas-de-doutoramento-5\/\"><span class=\"entry-date\">January 23, 2026<\/span><\/a><\/span>\r\n<\/a><\/span>\r\n\t\t\t\t\t<span>|<\/span> <span class=\"post-author\">\r\n\t\t\t\t\t\tBy  \r\n\t\t\t\t\t\t<a href=\"https:\/\/www.create.uevora.pt\/index.php\/author\/create\/\" rel=\"author\" class=\"fn\">\r\n\t\t\t\t\t\tcreate\t\t\t<\/a><\/span>\r\n\t\t\t\t<\/div>\r\n\t\t\t\t<h5 class=\"post-title\">\r\n\t<a href=\"https:\/\/www.create.uevora.pt\/index.php\/2026\/01\/23\/provas-publicas-de-doutoramento-5\/\">Provas P\u00fablicas de Doutoramento<\/a>\r\n<\/h5>\r\n\t\t\t<div class=\"post-hover-content\">\r\n\t\t\t\t\r\n<div class=\"entry-content\">\r\n\t<p>Realizaram-se no passado dia 23 de janeiro de 2026 pelas 14 horas e 30 minutos, na Sala dos Atos do Col\u00e9gio do Esp\u00edrito Santo, as provas p\u00fablicas de Doutoramento...<\/p>\r\n<\/div>\r\n\t\t\t<\/div>\r\n\t\t<\/div>\r\n\t\t\t<\/div>\r\n<\/article>\r\n<\/div><div class=\"grid-item metro-item tp-col-lg-6 tp-col-md-6 tp-col-sm-12 tp-col-12 \"><article id=\"post-11442\" class=\"post-11442 post type-post status-publish format-standard has-post-thumbnail hentry category-uncategorized\">\r\n\t<div class=\"blog-list-content\">\r\n\t\t\t\t<div class=\"post-content-image\">\r\n\t\t\t<a href=\"https:\/\/www.create.uevora.pt\/index.php\/2025\/12\/09\/provas-publicas-de-doutoramento-4\/\">\r\n\t\t\t\t<div class=\"blog-featured-image\">\r\n<span class=\"thumb-wrap\">\r\n\t<img loading=\"lazy\" decoding=\"async\" width=\"700\" height=\"700\" src=\"https:\/\/www.create.uevora.pt\/wp-content\/uploads\/2025\/12\/IMG-20251209-WA0016-700x700.jpg\" class=\"attachment-tp-image-grid size-tp-image-grid\" alt=\"\" \/><\/span>\r\n<\/div>\r\n\t\t\t<\/a>\r\n\t\t<\/div>\r\n\t\t\t\t<div class=\"post-content-bottom\">\r\n\t\t\t\t\t\t\t<div class=\"post-meta-info style-1\">\r\n\t\t\t\t\t<span class=\"meta-date\"><a href=\"https:\/\/www.create.uevora.pt\/index.php\/2025\/12\/09\/provas-publicas-de-doutoramento-4\/\"><span class=\"entry-date\">December 9, 2025<\/span><\/a><\/span>\r\n<\/a><\/span>\r\n\t\t\t\t\t<span>|<\/span> <span class=\"post-author\">\r\n\t\t\t\t\t\tBy  \r\n\t\t\t\t\t\t<a href=\"https:\/\/www.create.uevora.pt\/index.php\/author\/create\/\" rel=\"author\" class=\"fn\">\r\n\t\t\t\t\t\tcreate\t\t\t<\/a><\/span>\r\n\t\t\t\t<\/div>\r\n\t\t\t\t<h5 class=\"post-title\">\r\n\t<a href=\"https:\/\/www.create.uevora.pt\/index.php\/2025\/12\/09\/provas-publicas-de-doutoramento-4\/\">Provas P\u00fablicas de Doutoramento<\/a>\r\n<\/h5>\r\n\t\t\t<div class=\"post-hover-content\">\r\n\t\t\t\t\r\n<div class=\"entry-content\">\r\n\t<p>Realizaram-se no passado dia 9 de dezembro pelas 14 horas e 30 minutos, na Sala dos Atos do Col\u00e9gio do Esp\u00edrito Santo, as provas p\u00fablicas de Doutoramento em Ci\u00eancias...<\/p>\r\n<\/div>\r\n\t\t\t<\/div>\r\n\t\t<\/div>\r\n\t\t\t<\/div>\r\n<\/article>\r\n<\/div><div class=\"grid-item metro-item tp-col-lg-6 tp-col-md-6 tp-col-sm-12 tp-col-12 \"><article id=\"post-11305\" class=\"post-11305 post type-post status-publish format-standard has-post-thumbnail hentry category-uncategorized\">\r\n\t<div class=\"blog-list-content\">\r\n\t\t\t\t<div class=\"post-content-image\">\r\n\t\t\t<a href=\"https:\/\/www.create.uevora.pt\/index.php\/2025\/11\/04\/bip-applied-machine-learning\/\">\r\n\t\t\t\t<div class=\"blog-featured-image\">\r\n<span class=\"thumb-wrap\">\r\n\t<img loading=\"lazy\" decoding=\"async\" width=\"700\" height=\"700\" src=\"https:\/\/www.create.uevora.pt\/wp-content\/uploads\/2025\/11\/WhatsApp-Image-2025-10-31-at-7.24.15-PM-700x700.jpeg\" class=\"attachment-tp-image-grid size-tp-image-grid\" alt=\"\" \/><\/span>\r\n<\/div>\r\n\t\t\t<\/a>\r\n\t\t<\/div>\r\n\t\t\t\t<div class=\"post-content-bottom\">\r\n\t\t\t\t\t\t\t<div class=\"post-meta-info style-1\">\r\n\t\t\t\t\t<span class=\"meta-date\"><a href=\"https:\/\/www.create.uevora.pt\/index.php\/2025\/11\/04\/bip-applied-machine-learning\/\"><span class=\"entry-date\">November 4, 2025<\/span><\/a><\/span>\r\n<\/a><\/span>\r\n\t\t\t\t\t<span>|<\/span> <span class=\"post-author\">\r\n\t\t\t\t\t\tBy  \r\n\t\t\t\t\t\t<a href=\"https:\/\/www.create.uevora.pt\/index.php\/author\/create\/\" rel=\"author\" class=\"fn\">\r\n\t\t\t\t\t\tcreate\t\t\t<\/a><\/span>\r\n\t\t\t\t<\/div>\r\n\t\t\t\t<h5 class=\"post-title\">\r\n\t<a href=\"https:\/\/www.create.uevora.pt\/index.php\/2025\/11\/04\/bip-applied-machine-learning\/\">BIP Applied Machine Learning<\/a>\r\n<\/h5>\r\n\t\t\t<div class=\"post-hover-content\">\r\n\t\t\t\t\r\n<div class=\"entry-content\">\r\n\t<p>O workshop BIP (Blended Intensive Program) sobre Machine Learning e as suas aplica\u00e7\u00f5es em \u00e1reas estrat\u00e9gicas como Energias Renov\u00e1veis, Dete\u00e7\u00e3o Remota (Remote Sensing), Tratamento de Imagem, Reconhecimento e Identifica\u00e7\u00e3o...<\/p>\r\n<\/div>\r\n\t\t\t<\/div>\r\n\t\t<\/div>\r\n\t\t\t<\/div>\r\n<\/article>\r\n<\/div><div class=\"grid-item metro-item tp-col-lg-6 tp-col-md-6 tp-col-sm-12 tp-col-12 \"><article id=\"post-11311\" class=\"post-11311 post type-post status-publish format-standard has-post-thumbnail hentry category-uncategorized\">\r\n\t<div class=\"blog-list-content\">\r\n\t\t\t\t<div class=\"post-content-image\">\r\n\t\t\t<a href=\"https:\/\/www.create.uevora.pt\/index.php\/2025\/10\/24\/create-organiza-actris-week\/\">\r\n\t\t\t\t<div class=\"blog-featured-image\">\r\n<span class=\"thumb-wrap\">\r\n\t<img loading=\"lazy\" decoding=\"async\" width=\"700\" height=\"700\" src=\"https:\/\/www.create.uevora.pt\/wp-content\/uploads\/2025\/10\/thumbs.web_.sapo_-700x700.webp\" class=\"attachment-tp-image-grid size-tp-image-grid\" alt=\"\" \/><\/span>\r\n<\/div>\r\n\t\t\t<\/a>\r\n\t\t<\/div>\r\n\t\t\t\t<div class=\"post-content-bottom\">\r\n\t\t\t\t\t\t\t<div class=\"post-meta-info style-1\">\r\n\t\t\t\t\t<span class=\"meta-date\"><a href=\"https:\/\/www.create.uevora.pt\/index.php\/2025\/10\/24\/create-organiza-actris-week\/\"><span class=\"entry-date\">October 24, 2025<\/span><\/a><\/span>\r\n<\/a><\/span>\r\n\t\t\t\t\t<span>|<\/span> <span class=\"post-author\">\r\n\t\t\t\t\t\tBy  \r\n\t\t\t\t\t\t<a href=\"https:\/\/www.create.uevora.pt\/index.php\/author\/create\/\" rel=\"author\" class=\"fn\">\r\n\t\t\t\t\t\tcreate\t\t\t<\/a><\/span>\r\n\t\t\t\t<\/div>\r\n\t\t\t\t<h5 class=\"post-title\">\r\n\t<a href=\"https:\/\/www.create.uevora.pt\/index.php\/2025\/10\/24\/create-organiza-actris-week\/\">CREATE organiza ACTRIS Week<\/a>\r\n<\/h5>\r\n\t\t\t<div class=\"post-hover-content\">\r\n\t\t\t\t\r\n<div class=\"entry-content\">\r\n\t<p>De 21 a 23 de outubro de 2025, a Universidade de \u00c9vora foi palco da ACTRIS Week 2025, um encontro europeu no dom\u00ednio da observa\u00e7\u00e3o atmosf\u00e9rica. O evento, organizado...<\/p>\r\n<\/div>\r\n\t\t\t<\/div>\r\n\t\t<\/div>\r\n\t\t\t<\/div>\r\n<\/article>\r\n<\/div><div class=\"grid-item metro-item tp-col-lg-6 tp-col-md-6 tp-col-sm-12 tp-col-12 \"><article id=\"post-11207\" class=\"post-11207 post type-post status-publish format-standard has-post-thumbnail hentry category-uncategorized\">\r\n\t<div class=\"blog-list-content\">\r\n\t\t\t\t<div class=\"post-content-image\">\r\n\t\t\t<a href=\"https:\/\/www.create.uevora.pt\/index.php\/2025\/10\/10\/provas-publicas-de-doutoramento-3\/\">\r\n\t\t\t\t<div class=\"blog-featured-image\">\r\n<span class=\"thumb-wrap\">\r\n\t<img loading=\"lazy\" decoding=\"async\" width=\"700\" height=\"700\" src=\"https:\/\/www.create.uevora.pt\/wp-content\/uploads\/2025\/10\/20251010_170259-scaled-700x700.jpg\" class=\"attachment-tp-image-grid size-tp-image-grid\" alt=\"\" \/><\/span>\r\n<\/div>\r\n\t\t\t<\/a>\r\n\t\t<\/div>\r\n\t\t\t\t<div class=\"post-content-bottom\">\r\n\t\t\t\t\t\t\t<div class=\"post-meta-info style-1\">\r\n\t\t\t\t\t<span class=\"meta-date\"><a href=\"https:\/\/www.create.uevora.pt\/index.php\/2025\/10\/10\/provas-publicas-de-doutoramento-3\/\"><span class=\"entry-date\">October 10, 2025<\/span><\/a><\/span>\r\n<\/a><\/span>\r\n\t\t\t\t\t<span>|<\/span> <span class=\"post-author\">\r\n\t\t\t\t\t\tBy  \r\n\t\t\t\t\t\t<a href=\"https:\/\/www.create.uevora.pt\/index.php\/author\/create\/\" rel=\"author\" class=\"fn\">\r\n\t\t\t\t\t\tcreate\t\t\t<\/a><\/span>\r\n\t\t\t\t<\/div>\r\n\t\t\t\t<h5 class=\"post-title\">\r\n\t<a href=\"https:\/\/www.create.uevora.pt\/index.php\/2025\/10\/10\/provas-publicas-de-doutoramento-3\/\">Provas P\u00fablicas de Doutoramento<\/a>\r\n<\/h5>\r\n\t\t\t<div class=\"post-hover-content\">\r\n\t\t\t\t\r\n<div class=\"entry-content\">\r\n\t<p>Realizaram-se no passado dia 10 de outubro pelas 14 horas e 30 minutos, na Sala dos Atos do Col\u00e9gio do Esp\u00edrito Santo, as provas p\u00fablicas de Doutoramento em Engenharia...<\/p>\r\n<\/div>\r\n\t\t\t<\/div>\r\n\t\t<\/div>\r\n\t\t\t<\/div>\r\n<\/article>\r\n<\/div><div class=\"grid-item metro-item tp-col-lg-6 tp-col-md-6 tp-col-sm-12 tp-col-12 \"><article id=\"post-11170\" class=\"post-11170 post type-post status-publish format-standard has-post-thumbnail hentry category-uncategorized\">\r\n\t<div class=\"blog-list-content\">\r\n\t\t\t\t<div class=\"post-content-image\">\r\n\t\t\t<a href=\"https:\/\/www.create.uevora.pt\/index.php\/2025\/09\/26\/participacao-na-nei-2025-em-evora\/\">\r\n\t\t\t\t<div class=\"blog-featured-image\">\r\n<span class=\"thumb-wrap\">\r\n\t<img loading=\"lazy\" decoding=\"async\" width=\"700\" height=\"700\" src=\"https:\/\/www.create.uevora.pt\/wp-content\/uploads\/2025\/09\/20250926_193324-scaled-e1759339202799-700x700.jpg\" class=\"attachment-tp-image-grid size-tp-image-grid\" alt=\"\" \/><\/span>\r\n<\/div>\r\n\t\t\t<\/a>\r\n\t\t<\/div>\r\n\t\t\t\t<div class=\"post-content-bottom\">\r\n\t\t\t\t\t\t\t<div class=\"post-meta-info style-1\">\r\n\t\t\t\t\t<span class=\"meta-date\"><a href=\"https:\/\/www.create.uevora.pt\/index.php\/2025\/09\/26\/participacao-na-nei-2025-em-evora\/\"><span class=\"entry-date\">September 26, 2025<\/span><\/a><\/span>\r\n<\/a><\/span>\r\n\t\t\t\t\t<span>|<\/span> <span class=\"post-author\">\r\n\t\t\t\t\t\tBy  \r\n\t\t\t\t\t\t<a href=\"https:\/\/www.create.uevora.pt\/index.php\/author\/create\/\" rel=\"author\" class=\"fn\">\r\n\t\t\t\t\t\tcreate\t\t\t<\/a><\/span>\r\n\t\t\t\t<\/div>\r\n\t\t\t\t<h5 class=\"post-title\">\r\n\t<a href=\"https:\/\/www.create.uevora.pt\/index.php\/2025\/09\/26\/participacao-na-nei-2025-em-evora\/\">CREATE na NEI 2025 em \u00c9vora e Beja<\/a>\r\n<\/h5>\r\n\t\t\t<div class=\"post-hover-content\">\r\n\t\t\t\t\r\n<div class=\"entry-content\">\r\n\t<p>CREATE marcou presen\u00e7a na Noite Europeia dos Investigadores 2025 em \u00c9vora e em Beja No dia 26 de setembro, as cidades de \u00c9vora e de Beja foram palco de...<\/p>\r\n<\/div>\r\n\t\t\t<\/div>\r\n\t\t<\/div>\r\n\t\t\t<\/div>\r\n<\/article>\r\n<\/div><div class=\"grid-item metro-item tp-col-lg-6 tp-col-md-6 tp-col-sm-12 tp-col-12 \"><article id=\"post-11144\" class=\"post-11144 post type-post status-publish format-standard has-post-thumbnail hentry category-uncategorized\">\r\n\t<div class=\"blog-list-content\">\r\n\t\t\t\t<div class=\"post-content-image\">\r\n\t\t\t<a href=\"https:\/\/www.create.uevora.pt\/index.php\/2025\/09\/02\/provas-publicas-de-doutoramento-2\/\">\r\n\t\t\t\t<div class=\"blog-featured-image\">\r\n<span class=\"thumb-wrap\">\r\n\t<img loading=\"lazy\" decoding=\"async\" width=\"700\" height=\"700\" src=\"https:\/\/www.create.uevora.pt\/wp-content\/uploads\/2025\/09\/WhatsApp-Image-2025-09-02-at-8.16.44-PM-700x700.jpeg\" class=\"attachment-tp-image-grid size-tp-image-grid\" alt=\"\" \/><\/span>\r\n<\/div>\r\n\t\t\t<\/a>\r\n\t\t<\/div>\r\n\t\t\t\t<div class=\"post-content-bottom\">\r\n\t\t\t\t\t\t\t<div class=\"post-meta-info style-1\">\r\n\t\t\t\t\t<span class=\"meta-date\"><a href=\"https:\/\/www.create.uevora.pt\/index.php\/2025\/09\/02\/provas-publicas-de-doutoramento-2\/\"><span class=\"entry-date\">September 2, 2025<\/span><\/a><\/span>\r\n<\/a><\/span>\r\n\t\t\t\t\t<span>|<\/span> <span class=\"post-author\">\r\n\t\t\t\t\t\tBy  \r\n\t\t\t\t\t\t<a href=\"https:\/\/www.create.uevora.pt\/index.php\/author\/create\/\" rel=\"author\" class=\"fn\">\r\n\t\t\t\t\t\tcreate\t\t\t<\/a><\/span>\r\n\t\t\t\t<\/div>\r\n\t\t\t\t<h5 class=\"post-title\">\r\n\t<a href=\"https:\/\/www.create.uevora.pt\/index.php\/2025\/09\/02\/provas-publicas-de-doutoramento-2\/\">Provas P\u00fablicas de Doutoramento<\/a>\r\n<\/h5>\r\n\t\t\t<div class=\"post-hover-content\">\r\n\t\t\t\t\r\n<div class=\"entry-content\">\r\n\t<p>Realizaram-se no passado dia 2 de setembro pelas 10 horas, na Sala dos Atos do Col\u00e9gio do Esp\u00edrito Santo, as provas p\u00fablicas de Doutoramento em Engenharia Mecatr\u00f3nica e Energia,...<\/p>\r\n<\/div>\r\n\t\t\t<\/div>\r\n\t\t<\/div>\r\n\t\t\t<\/div>\r\n<\/article>\r\n<\/div><div class=\"grid-item metro-item tp-col-lg-6 tp-col-md-6 tp-col-sm-12 tp-col-12 \"><article id=\"post-11077\" class=\"post-11077 post type-post status-publish format-standard has-post-thumbnail hentry category-uncategorized\">\r\n\t<div class=\"blog-list-content\">\r\n\t\t\t\t<div class=\"post-content-image\">\r\n\t\t\t<a href=\"https:\/\/www.create.uevora.pt\/index.php\/2025\/07\/18\/create-ue-acolheu-a-edicao-de-2025-da-earth-system-summer-school\/\">\r\n\t\t\t\t<div class=\"blog-featured-image\">\r\n<span class=\"thumb-wrap\">\r\n\t<img loading=\"lazy\" decoding=\"async\" width=\"700\" height=\"700\" src=\"https:\/\/www.create.uevora.pt\/wp-content\/uploads\/2025\/07\/IMG-20250717-WA0045-scaled-700x700.jpg\" class=\"attachment-tp-image-grid size-tp-image-grid\" alt=\"\" \/><\/span>\r\n<\/div>\r\n\t\t\t<\/a>\r\n\t\t<\/div>\r\n\t\t\t\t<div class=\"post-content-bottom\">\r\n\t\t\t\t\t\t\t<div class=\"post-meta-info style-1\">\r\n\t\t\t\t\t<span class=\"meta-date\"><a href=\"https:\/\/www.create.uevora.pt\/index.php\/2025\/07\/18\/create-ue-acolheu-a-edicao-de-2025-da-earth-system-summer-school\/\"><span class=\"entry-date\">July 18, 2025<\/span><\/a><\/span>\r\n<\/a><\/span>\r\n\t\t\t\t\t<span>|<\/span> <span class=\"post-author\">\r\n\t\t\t\t\t\tBy  \r\n\t\t\t\t\t\t<a href=\"https:\/\/www.create.uevora.pt\/index.php\/author\/create\/\" rel=\"author\" class=\"fn\">\r\n\t\t\t\t\t\tcreate\t\t\t<\/a><\/span>\r\n\t\t\t\t<\/div>\r\n\t\t\t\t<h5 class=\"post-title\">\r\n\t<a href=\"https:\/\/www.create.uevora.pt\/index.php\/2025\/07\/18\/create-ue-acolheu-a-edicao-de-2025-da-earth-system-summer-school\/\">CREATE &#8211; U\u00c9 acolheu a edi\u00e7\u00e3o de 2025 da Earth System Summer School<\/a>\r\n<\/h5>\r\n\t\t\t<div class=\"post-hover-content\">\r\n\t\t\t\t\r\n<div class=\"entry-content\">\r\n\t<p>Entre os dias 13 e 18 de julho de 2025, a Universidade de \u00c9vora acolheu a Earth System Summer School 2025, uma escola de ver\u00e3o internacional dedicada a estudantes...<\/p>\r\n<\/div>\r\n\t\t\t<\/div>\r\n\t\t<\/div>\r\n\t\t\t<\/div>\r\n<\/article>\r\n<\/div><\/div><div class=\"ajax_load_more\"><a class=\"post-load-more\" data-layout=\"grid\" data-offset-posts=\"0\" data-load-class=\"post6a033f223857b\" data-display_post=\"10\" data-post_load_more=\"4\" data-loaded_posts=\"All done!\" data-tp_loading_text=\"Loading...\" data-page=\"1\" data-total_page=\"6\" data-loadattr= 'aWRRcUtkQzRNSnIrSUJLK0NjWk80djAzNFdkNEc3UTdCcnFiK0tzY3BWQXB1NVhvUWxOWXlCdmhrZS9wTG1LN3JsaXQxbm85QTVNcXpYUDZKSlhqKzRBVlFtY2d0ZmN1U2Nrais4MDhWdmFTejc4U3Y5T3A1cDJCdzgrTGdaRnZVSXhLdzJxV2tobGE5UDBDRndlMjZyNmEvVG1wVXU0aGNQL3Y2cWpydEFYelZDT05YTG90RUNSQnJ2VDRkdnpEc01Zd045NzROVDFpVGdoTC9OR2dCZlFIREkwck44STFTTjJHeGhaMkxLMEhnUENIbmZQb0Z3YVd0STZDNnBZZmtlR2Z2NG1sVWVkT3JPaWlJRGhBdzBCNDZZQWxySS9sTWhlOHo4TXdscW5qMFc5RGY1dE9NZnhrVTVNeFoybVVlUSszaDU1T2l0QXpiWHYvbWVQc21pMnRTUjZyNnlEY2pWRWJ5VXhxZ0RvNnllRkE4TlpQVzJTTnRJU2h1c0xwS29SRWdHQTBzbmlIVzFSVTQxMUFKWHlyRnhPMENRTTVrVG84N1Q4QkdKVE9lblNxQ0xTYjZWbExxcXd3dG9xSHZ6dC9XK0Jka0NNWDBlYmFDSDUwYnVXVXhzem1lMHU4cllLalJ3YTBaR0pZQi9rWG5RM2l3ME5lUVAvbDVib2xUNkpoVitWVHBSWmFaeDV3LytsQVN3REs4TXhNSU5wQzNHcDFqdUp6VG9mN1pHSHdCb0lMYmpkdjF1RVJITGNsQTRZZjBTS1QrY2ZwcVJvNm1EQ2hra3F0WVlra3U5Y01LVjlGNlhEdlFtWUtWL1RoT0pFbDhSVWhuYWFMb2tHTXZkZlhNS0FvZzhERHVGcStKMFIvSlYxMDBOallldWVOQ0xwQm5nNTZiQzQ9'>Load More<\/a><\/div><\/div>\t\t<\/div>\n\t\t\t\t<\/div>\n\t\t\t\t\t<\/div>\n\t\t\t\t<\/div>\n\t\t\t\t<\/div>\n\t\t","protected":false},"excerpt":{"rendered":"<p>January 25, 2025 | By create Destaque EcoRiskLab O Laborat\u00f3rio de Avalia\u00e7\u00e3o de Risco e Contamina\u00e7\u00e3o Ambiental (EcoRiskLab) do Instituto Polit\u00e9cnico de Beja, uma das infraestruturas integradas no CREATE, est\u00e1 &hellip; <\/p>\n<p class=\"link-more\"><a href=\"https:\/\/www.create.uevora.pt\/index.php\/2025\/07\/18\/create-ue-acolheu-a-edicao-de-2025-da-earth-system-summer-school\/\" class=\"more-link\">Read more<span class=\"screen-reader-text\"> &#8220;CREATE &#8211; U\u00c9 acolheu a edi\u00e7\u00e3o de 2025 da Earth System Summer School&#8221;<\/span><\/a><\/p>\n","protected":false},"author":7,"featured_media":0,"parent":0,"menu_order":0,"comment_status":"closed","ping_status":"closed","template":"","meta":{"sfsi_plus_gutenberg_text_before_share":"","sfsi_plus_gutenberg_show_text_before_share":"","sfsi_plus_gutenberg_icon_type":"","sfsi_plus_gutenberg_icon_alignemt":"","sfsi_plus_gutenburg_max_per_row":"","passster_activate_protection":false,"passster_protect_child_pages":"","passster_protection_type":"password","passster_password":"","passster_activate_overwrite_defaults":"","passster_headline":"","passster_instruction":"","passster_placeholder":"","passster_button":"","passster_id":"","passster_activate_misc_settings":"","passster_redirect_url":"","passster_hide":"no","passster_area_shortcode":"","footnotes":""},"class_list":["post-9530","page","type-page","status-publish","hentry"],"featured_media_urls":[],"_links":{"self":[{"href":"https:\/\/www.create.uevora.pt\/index.php\/wp-json\/wp\/v2\/pages\/9530","targetHints":{"allow":["GET"]}}],"collection":[{"href":"https:\/\/www.create.uevora.pt\/index.php\/wp-json\/wp\/v2\/pages"}],"about":[{"href":"https:\/\/www.create.uevora.pt\/index.php\/wp-json\/wp\/v2\/types\/page"}],"author":[{"embeddable":true,"href":"https:\/\/www.create.uevora.pt\/index.php\/wp-json\/wp\/v2\/users\/7"}],"replies":[{"embeddable":true,"href":"https:\/\/www.create.uevora.pt\/index.php\/wp-json\/wp\/v2\/comments?post=9530"}],"version-history":[{"count":83,"href":"https:\/\/www.create.uevora.pt\/index.php\/wp-json\/wp\/v2\/pages\/9530\/revisions"}],"predecessor-version":[{"id":10445,"href":"https:\/\/www.create.uevora.pt\/index.php\/wp-json\/wp\/v2\/pages\/9530\/revisions\/10445"}],"wp:attachment":[{"href":"https:\/\/www.create.uevora.pt\/index.php\/wp-json\/wp\/v2\/media?parent=9530"}],"curies":[{"name":"wp","href":"https:\/\/api.w.org\/{rel}","templated":true}]}}