{"id":9975,"date":"2025-01-24T15:51:27","date_gmt":"2025-01-24T15:51:27","guid":{"rendered":"https:\/\/www.create.uevora.pt\/?page_id=9975"},"modified":"2026-04-11T15:17:36","modified_gmt":"2026-04-11T15:17:36","slug":"useful-information","status":"publish","type":"page","link":"https:\/\/www.create.uevora.pt\/index.php\/useful-information\/","title":{"rendered":"Useful information"},"content":{"rendered":"\t\t<div data-elementor-type=\"wp-page\" data-elementor-id=\"9975\" class=\"elementor elementor-9975\">\n\t\t\t\t<div class=\"elementor-element elementor-element-3184c2a e-flex e-con-boxed e-con e-parent\" data-id=\"3184c2a\" data-element_type=\"container\">\n\t\t\t\t\t<div class=\"e-con-inner\">\n\t\t\t\t<div class=\"elementor-element elementor-element-dd790b6 elementor-widget elementor-widget-heading\" data-id=\"dd790b6\" data-element_type=\"widget\" data-widget_type=\"heading.default\">\n\t\t\t\t<div class=\"elementor-widget-container\">\n\t\t\t<style>\/*! elementor - v3.21.0 - 26-05-2024 *\/\n.elementor-heading-title{padding:0;margin:0;line-height:1}.elementor-widget-heading .elementor-heading-title[class*=elementor-size-]>a{color:inherit;font-size:inherit;line-height:inherit}.elementor-widget-heading .elementor-heading-title.elementor-size-small{font-size:15px}.elementor-widget-heading .elementor-heading-title.elementor-size-medium{font-size:19px}.elementor-widget-heading .elementor-heading-title.elementor-size-large{font-size:29px}.elementor-widget-heading .elementor-heading-title.elementor-size-xl{font-size:39px}.elementor-widget-heading .elementor-heading-title.elementor-size-xxl{font-size:59px}<\/style><h2 class=\"elementor-heading-title elementor-size-default\">Acknowledgement<\/h2>\t\t<\/div>\n\t\t\t\t<\/div>\n\t\t\t\t\t<\/div>\n\t\t\t\t<\/div>\n\t\t<div class=\"elementor-element elementor-element-6b77d10 e-flex e-con-boxed e-con e-parent\" data-id=\"6b77d10\" data-element_type=\"container\">\n\t\t\t\t\t<div class=\"e-con-inner\">\n\t\t\t\t<div class=\"elementor-element elementor-element-aaf894b elementor-widget elementor-widget-text-editor\" data-id=\"aaf894b\" data-element_type=\"widget\" data-widget_type=\"text-editor.default\">\n\t\t\t\t<div class=\"elementor-widget-container\">\n\t\t\t<style>\/*! elementor - v3.21.0 - 26-05-2024 *\/\n.elementor-widget-text-editor.elementor-drop-cap-view-stacked .elementor-drop-cap{background-color:#69727d;color:#fff}.elementor-widget-text-editor.elementor-drop-cap-view-framed .elementor-drop-cap{color:#69727d;border:3px solid;background-color:transparent}.elementor-widget-text-editor:not(.elementor-drop-cap-view-default) .elementor-drop-cap{margin-top:8px}.elementor-widget-text-editor:not(.elementor-drop-cap-view-default) .elementor-drop-cap-letter{width:1em;height:1em}.elementor-widget-text-editor .elementor-drop-cap{float:left;text-align:center;line-height:1;font-size:50px}.elementor-widget-text-editor .elementor-drop-cap-letter{display:inline-block}<\/style>\t\t\t\t<div>Here is the acknowledgment that should be included during this period (until the evaluation process is completed) in any publication or other CREATE activity:<\/div>\n<h4>&#8220;The work is funded by national funds through FCT \u2013 Funda\u00e7\u00e3o para a Ci\u00eancia e Tecnologia, I.P., in the framework of the UID\/06107\/2025 \u2013 Centro de Investiga\u00e7\u00e3o em Ci\u00eancia e Tecnologia para o Sistema Terra e Energia\u00a0 (CREATE),\u00a0\u00a0DOI https:\/\/doi.org\/10.54499\/UID\/06107\/2025&#8221;<\/h4>\n<div>\n<div data-editor-version=\"454dbc95\">\n<table style=\"border-spacing: 0px; table-layout: fixed; margin-right: auto; margin-bottom: 0px; margin-left: auto; background-color: #f6f6f6; background-size: cover; background-position: center center; background-repeat: no-repeat;\" border=\"0\" width=\"100%\" cellspacing=\"0\" cellpadding=\"0\" bgcolor=\"#F6F6F6\">\n<tbody>\n<tr data-variation=\"0\">\n<td style=\"font-size: 0px;\" align=\"center\" valign=\"top\">\n<div>\n<table style=\"border-spacing: 0px; table-layout: fixed; margin: auto;\" border=\"0\" width=\"600\" cellspacing=\"0\" cellpadding=\"0\" align=\"center\" data-compile=\"true\">\n<tbody>\n<tr>\n<td dir=\"ltr\" style=\"background-color: #ffffff; padding: 20px;\" valign=\"top\" bgcolor=\"#FFFFFF\" width=\"100%\">\n<table style=\"border-spacing: 0px; table-layout: fixed; margin-right: auto; margin-bottom: 0px; margin-left: auto;\" border=\"0\" width=\"100%\" cellspacing=\"0\" cellpadding=\"0\">\n<tbody>\n<tr>\n<th style=\"font-weight: 400;\" valign=\"top\" width=\"100%\">\n<table style=\"border-spacing: 0px; table-layout: fixed; margin-right: auto; margin-bottom: 0px; margin-left: auto;\" border=\"0\" width=\"100%\" cellspacing=\"0\" cellpadding=\"0\">\n<tbody>\n<tr>\n<td dir=\"ltr\" style=\"padding-top: 0px; padding-bottom: 0px;\" valign=\"top\">\u00a0<\/td>\n<\/tr>\n<\/tbody>\n<\/table>\n<\/th>\n<\/tr>\n<\/tbody>\n<\/table>\n<\/td>\n<\/tr>\n<\/tbody>\n<\/table>\n<\/div>\n<\/td>\n<\/tr>\n<\/tbody>\n<\/table>\n<\/div>\n<\/div>\n<div>Beyond this sentence, the obligation to include the FCT logo remains (except for publications where it is usually not possible).<\/div>\t\t\t\t\t\t<\/div>\n\t\t\t\t<\/div>\n\t\t\t\t\t<\/div>\n\t\t\t\t<\/div>\n\t\t<div class=\"elementor-element elementor-element-bebf34c e-flex e-con-boxed e-con e-parent\" data-id=\"bebf34c\" data-element_type=\"container\">\n\t\t\t\t\t<div class=\"e-con-inner\">\n\t\t\t\t<div class=\"elementor-element elementor-element-fdc89ee elementor-widget elementor-widget-spacer\" data-id=\"fdc89ee\" data-element_type=\"widget\" data-widget_type=\"spacer.default\">\n\t\t\t\t<div class=\"elementor-widget-container\">\n\t\t\t<style>\/*! elementor - v3.21.0 - 26-05-2024 *\/\n.elementor-column .elementor-spacer-inner{height:var(--spacer-size)}.e-con{--container-widget-width:100%}.e-con-inner>.elementor-widget-spacer,.e-con>.elementor-widget-spacer{width:var(--container-widget-width,var(--spacer-size));--align-self:var(--container-widget-align-self,initial);--flex-shrink:0}.e-con-inner>.elementor-widget-spacer>.elementor-widget-container,.e-con>.elementor-widget-spacer>.elementor-widget-container{height:100%;width:100%}.e-con-inner>.elementor-widget-spacer>.elementor-widget-container>.elementor-spacer,.e-con>.elementor-widget-spacer>.elementor-widget-container>.elementor-spacer{height:100%}.e-con-inner>.elementor-widget-spacer>.elementor-widget-container>.elementor-spacer>.elementor-spacer-inner,.e-con>.elementor-widget-spacer>.elementor-widget-container>.elementor-spacer>.elementor-spacer-inner{height:var(--container-widget-height,var(--spacer-size))}.e-con-inner>.elementor-widget-spacer.elementor-widget-empty,.e-con>.elementor-widget-spacer.elementor-widget-empty{position:relative;min-height:22px;min-width:22px}.e-con-inner>.elementor-widget-spacer.elementor-widget-empty .elementor-widget-empty-icon,.e-con>.elementor-widget-spacer.elementor-widget-empty .elementor-widget-empty-icon{position:absolute;top:0;bottom:0;left:0;right:0;margin:auto;padding:0;width:22px;height:22px}<\/style>\t\t<div class=\"elementor-spacer\">\n\t\t\t<div class=\"elementor-spacer-inner\"><\/div>\n\t\t<\/div>\n\t\t\t\t<\/div>\n\t\t\t\t<\/div>\n\t\t\t\t\t<\/div>\n\t\t\t\t<\/div>\n\t\t<div class=\"elementor-element elementor-element-8afa081 e-flex e-con-boxed e-con e-parent\" data-id=\"8afa081\" data-element_type=\"container\">\n\t\t\t\t\t<div class=\"e-con-inner\">\n\t\t\t\t<div class=\"elementor-element elementor-element-a3d816c elementor-widget elementor-widget-text-editor\" data-id=\"a3d816c\" data-element_type=\"widget\" data-widget_type=\"text-editor.default\">\n\t\t\t\t<div class=\"elementor-widget-container\">\n\t\t\t\t\t\t\t<p><span class=\"HwtZe\" lang=\"en\"><span class=\"jCAhz ChMk0b\"><span class=\"ryNqvb\">The <strong>Affiliation Rules<\/strong> of the <strong>Universidade de \u00c9vora<\/strong> can be found <a href=\"https:\/\/www.create.uevora.pt\/wp-content\/uploads\/2025\/03\/NormasAfiliacao_UE_Desp.41_2025.pdf\"><strong>here<\/strong><\/a>.<\/span><\/span><\/span><\/p>\t\t\t\t\t\t<\/div>\n\t\t\t\t<\/div>\n\t\t\t\t\t<\/div>\n\t\t\t\t<\/div>\n\t\t<div class=\"elementor-element elementor-element-5128f02 e-flex e-con-boxed e-con e-parent\" data-id=\"5128f02\" data-element_type=\"container\">\n\t\t\t\t\t<div class=\"e-con-inner\">\n\t\t\t\t<div class=\"elementor-element elementor-element-ce4597f elementor-widget elementor-widget-spacer\" data-id=\"ce4597f\" data-element_type=\"widget\" data-widget_type=\"spacer.default\">\n\t\t\t\t<div class=\"elementor-widget-container\">\n\t\t\t\t\t<div class=\"elementor-spacer\">\n\t\t\t<div class=\"elementor-spacer-inner\"><\/div>\n\t\t<\/div>\n\t\t\t\t<\/div>\n\t\t\t\t<\/div>\n\t\t\t\t\t<\/div>\n\t\t\t\t<\/div>\n\t\t<div class=\"elementor-element elementor-element-548170f e-flex e-con-boxed e-con e-parent\" data-id=\"548170f\" data-element_type=\"container\">\n\t\t\t\t\t<div class=\"e-con-inner\">\n\t\t\t\t<div class=\"elementor-element elementor-element-1da43ed elementor-widget elementor-widget-heading\" data-id=\"1da43ed\" data-element_type=\"widget\" data-widget_type=\"heading.default\">\n\t\t\t\t<div class=\"elementor-widget-container\">\n\t\t\t<h2 class=\"elementor-heading-title elementor-size-default\">Keep Your Info Updated!<\/h2>\t\t<\/div>\n\t\t\t\t<\/div>\n\t\t\t\t\t<\/div>\n\t\t\t\t<\/div>\n\t\t<div class=\"elementor-element elementor-element-7010fb0 e-flex e-con-boxed e-con e-parent\" data-id=\"7010fb0\" data-element_type=\"container\">\n\t\t\t\t\t<div class=\"e-con-inner\">\n\t\t\t\t<div class=\"elementor-element elementor-element-8ed9ae9 elementor-widget elementor-widget-text-editor\" data-id=\"8ed9ae9\" data-element_type=\"widget\" data-widget_type=\"text-editor.default\">\n\t\t\t\t<div class=\"elementor-widget-container\">\n\t\t\t\t\t\t\t<p>Please provide your updated information regularly to ensure we stay connected and up-to-date.<\/p>\n<p><strong>The participation of the entire team is essential!<\/strong><\/p>\n<h3>Share your <strong>news <\/strong><a href=\"https:\/\/docs.google.com\/forms\/d\/e\/1FAIpQLSc8WF7M-X-s_-p2Pca_MlTZMZBX4vMCLb5YO4CqTT8NrxR-lQ\/viewform?usp=dialog\">here<\/a>.<\/h3>\n<div class=\"moz-signature\">Also, please contribute with information using the following forms:<\/div>\n<ul>\n<li class=\"moz-signature\"><a href=\"https:\/\/docs.google.com\/forms\/d\/e\/1FAIpQLSdwd4EDUXV061Bvu5W0doONiThwL1L4IZri-4TH9B-XcIkbVQ\/viewform?usp=dialog\">New publication<\/a><\/li>\n<li class=\"moz-signature\"><a href=\"https:\/\/docs.google.com\/forms\/d\/e\/1FAIpQLSdune4hvOGKCH2Ci6l3IApMwaljfPCcdrcvZRs9CYnKajw9DQ\/viewform?usp=dialog\">New event to include in the calendar<\/a><\/li>\n<li class=\"moz-signature\"><a href=\"https:\/\/docs.google.com\/forms\/d\/e\/1FAIpQLScz2O8LzecUiNPfzO7epS_eNMEyMf5BCAIqUrxKVa1MT1p_zQ\/viewform?usp=dialog\">New research project<\/a><\/li>\n<\/ul>\n<div class=\"moz-signature\">For any other information that you think doesn&#8217;t fit in the forms, please send it via email:<\/div>\n<div>\u00a0<\/div>\n<div style=\"text-align: center;\"><a href=\"mailto:tacohub.create@gmail.com\">tacohub.create@gmail.com<\/a><\/div>\n<div style=\"text-align: center;\">or<\/div>\n<div style=\"text-align: center;\"><a href=\"mailto:create@uevora.pt\">create@uevora.pt<\/a><\/div>\n<div class=\"moz-signature\" style=\"text-align: center;\">\u00a0<\/div>\t\t\t\t\t\t<\/div>\n\t\t\t\t<\/div>\n\t\t\t\t\t<\/div>\n\t\t\t\t<\/div>\n\t\t<div class=\"elementor-element elementor-element-e3f7e1d e-flex e-con-boxed e-con e-parent\" data-id=\"e3f7e1d\" data-element_type=\"container\">\n\t\t\t\t\t<div class=\"e-con-inner\">\n\t\t\t\t<div class=\"elementor-element elementor-element-7536d15 elementor-widget elementor-widget-heading\" data-id=\"7536d15\" data-element_type=\"widget\" data-widget_type=\"heading.default\">\n\t\t\t\t<div class=\"elementor-widget-container\">\n\t\t\t<h2 class=\"elementor-heading-title elementor-size-default\">CREATE Style<\/h2>\t\t<\/div>\n\t\t\t\t<\/div>\n\t\t\t\t\t<\/div>\n\t\t\t\t<\/div>\n\t\t<div class=\"elementor-element elementor-element-a7cad94 e-flex e-con-boxed e-con e-parent\" data-id=\"a7cad94\" data-element_type=\"container\">\n\t\t\t\t\t<div class=\"e-con-inner\">\n\t\t\t\t<div class=\"elementor-element elementor-element-2e5e65e elementor-widget elementor-widget-text-editor\" data-id=\"2e5e65e\" data-element_type=\"widget\" data-widget_type=\"text-editor.default\">\n\t\t\t\t<div class=\"elementor-widget-container\">\n\t\t\t\t\t\t\t<p><!-- wp:cover {\"url\":\"https:\/\/www.create.uevora.pt\/wp-content\/uploads\/2025\/01\/Screenshot-2025-01-24-160829.png\",\"id\":5284,\"hasParallax\":true,\"align\":\"full\"} --><\/p><div class=\"wp-block-cover alignfull has-background-dim has-parallax\" style=\"background-image: url('https:\/\/www.create.uevora.pt\/wp-content\/uploads\/2025\/01\/Screenshot-2025-01-24-160829.png'); background-size: 826px 1226px; background-repeat: no-repeat; background-position: center;\"><div class=\"wp-block-cover__inner-container\"><p><!-- wp:paragraph {\"align\":\"center\",\"placeholder\":\"Write title\u2026\",\"textColor\":\"white\",\"fontSize\":\"large\"} --><\/p><h3>Here is the <a href=\"https:\/\/www.create.uevora.pt\/wp-content\/uploads\/2025\/01\/CREATE_Style.pdf\">catalogue<\/a> for you to explore.<\/h3><h3>If something catches your interest, you can fill <a href=\"https:\/\/docs.google.com\/forms\/d\/e\/1FAIpQLSeq7armziwCE3zfhB63FdKwIbd6uLyZaWhMofQa_fZJpFr5dA\/viewform?usp=dialog\">this form<\/a>!<\/h3><div class=\"items-center justify-start rounded-xl p-1 flex\"><div class=\"flex items-center\">\u00a0<\/div><\/div><br \/><h3>\u00a0<\/h3><div>\u00a0<\/div><div class=\"moz-cite-prefix\">\u00a0<\/div><\/div><\/div>\t\t\t\t\t\t<\/div>\n\t\t\t\t<\/div>\n\t\t\t\t\t<\/div>\n\t\t\t\t<\/div>\n\t\t\t\t<\/div>\n\t\t","protected":false},"excerpt":{"rendered":"<p>Here is the catalogue for you to explore. If something catches your interest, you can fill this form! \u00a0 \u00a0 \u00a0\u00a0 Acknowledgement Here is the acknowledgment that should be included &hellip; <\/p>\n<p class=\"link-more\"><a href=\"https:\/\/www.create.uevora.pt\/index.php\/useful-information\/\" class=\"more-link\">Read more<span class=\"screen-reader-text\"> &#8220;Useful information&#8221;<\/span><\/a><\/p>\n","protected":false},"author":7,"featured_media":0,"parent":0,"menu_order":0,"comment_status":"closed","ping_status":"closed","template":"","meta":{"sfsi_plus_gutenberg_text_before_share":"","sfsi_plus_gutenberg_show_text_before_share":"","sfsi_plus_gutenberg_icon_type":"","sfsi_plus_gutenberg_icon_alignemt":"","sfsi_plus_gutenburg_max_per_row":"","passster_activate_protection":false,"passster_protect_child_pages":"","passster_protection_type":"password","passster_password":"ycigqr","passster_activate_overwrite_defaults":"1","passster_headline":"","passster_instruction":"","passster_placeholder":"","passster_button":"","passster_id":"","passster_activate_misc_settings":"1","passster_redirect_url":"https:\/\/www.create.uevora.pt\/index.php\/useful-information\/?pts=1739281835","passster_hide":"no","passster_area_shortcode":"","footnotes":""},"class_list":["post-9975","page","type-page","status-publish","hentry"],"featured_media_urls":[],"_links":{"self":[{"href":"https:\/\/www.create.uevora.pt\/index.php\/wp-json\/wp\/v2\/pages\/9975","targetHints":{"allow":["GET"]}}],"collection":[{"href":"https:\/\/www.create.uevora.pt\/index.php\/wp-json\/wp\/v2\/pages"}],"about":[{"href":"https:\/\/www.create.uevora.pt\/index.php\/wp-json\/wp\/v2\/types\/page"}],"author":[{"embeddable":true,"href":"https:\/\/www.create.uevora.pt\/index.php\/wp-json\/wp\/v2\/users\/7"}],"replies":[{"embeddable":true,"href":"https:\/\/www.create.uevora.pt\/index.php\/wp-json\/wp\/v2\/comments?post=9975"}],"version-history":[{"count":78,"href":"https:\/\/www.create.uevora.pt\/index.php\/wp-json\/wp\/v2\/pages\/9975\/revisions"}],"predecessor-version":[{"id":11598,"href":"https:\/\/www.create.uevora.pt\/index.php\/wp-json\/wp\/v2\/pages\/9975\/revisions\/11598"}],"wp:attachment":[{"href":"https:\/\/www.create.uevora.pt\/index.php\/wp-json\/wp\/v2\/media?parent=9975"}],"curies":[{"name":"wp","href":"https:\/\/api.w.org\/{rel}","templated":true}]}}